{"id":241651,"date":"2025-07-11T10:09:58","date_gmt":"2025-07-11T09:09:58","guid":{"rendered":"https:\/\/rps.edu.ba\/?page_id=241651"},"modified":"2025-07-12T06:39:29","modified_gmt":"2025-07-12T05:39:29","slug":"faq","status":"publish","type":"page","link":"https:\/\/rps.edu.ba\/bs\/faq\/","title":{"rendered":"\u010cesto postavljana pitanja"},"content":{"rendered":"<p>[et_pb_section fb_built=&#8221;1&#8243; fullwidth=&#8221;on&#8221; _builder_version=&#8221;4.27.4&#8243; _module_preset=&#8221;default&#8221; background_color=&#8221;#FFFFFA&#8221; background_image=&#8221;https:\/\/rps.edu.ba\/wp-content\/uploads\/2025\/07\/rps_digital_poly-2-min.png&#8221; parallax=&#8221;on&#8221; bottom_divider_style=&#8221;asymmetric4&#8243; bottom_divider_color=&#8221;#0E5058&#8243; bottom_divider_style_tablet=&#8221;asymmetric4&#8243; bottom_divider_style_phone=&#8221;asymmetric4&#8243; bottom_divider_style_last_edited=&#8221;on|phone&#8221; bottom_divider_height_tablet=&#8221;&#8221; bottom_divider_height_phone=&#8221;64px&#8221; bottom_divider_height_last_edited=&#8221;on|phone&#8221; global_colors_info=&#8221;{}&#8221; theme_builder_area=&#8221;post_content&#8221;][et_pb_fullwidth_header title=&#8221;@ET-DC@eyJkeW5hbWljIjp0cnVlLCJjb250ZW50IjoicG9zdF9saW5rIiwic2V0dGluZ3MiOnsiYmVmb3JlIjoiIiwiYWZ0ZXIiOiIiLCJ0ZXh0IjoicG9zdF90aXRsZSIsImN1c3RvbV90ZXh0IjoiIn19@&#8221; _builder_version=&#8221;4.27.4&#8243; _dynamic_attributes=&#8221;title&#8221; _module_preset=&#8221;default&#8221; title_font=&#8221;&#8211;et_global_heading_font|700||on|||||&#8221; title_font_size=&#8221;54px&#8221; title_font_size_tablet=&#8221;50px&#8221; title_font_size_phone=&#8221;38px&#8221; title_font_size_last_edited=&#8221;on|phone&#8221; global_colors_info=&#8221;{}&#8221; theme_builder_area=&#8221;post_content&#8221;][\/et_pb_fullwidth_header][\/et_pb_section][et_pb_section fb_built=&#8221;1&#8243; _builder_version=&#8221;4.27.4&#8243; _module_preset=&#8221;default&#8221; background_image=&#8221;https:\/\/rps.edu.ba\/wp-content\/uploads\/2025\/07\/rps_digital_poly-2-min.png&#8221; background_size=&#8221;initial&#8221; background_repeat=&#8221;repeat-y&#8221; top_divider_style=&#8221;slant&#8221; top_divider_color=&#8221;#0E5058&#8243; top_divider_style_tablet=&#8221;slant&#8221; top_divider_style_phone=&#8221;slant&#8221; top_divider_style_last_edited=&#8221;on|tablet&#8221; top_divider_height_tablet=&#8221;69px&#8221; top_divider_height_phone=&#8221;69px&#8221; top_divider_height_last_edited=&#8221;on|phone&#8221; global_colors_info=&#8221;{}&#8221; theme_builder_area=&#8221;post_content&#8221;][et_pb_row _builder_version=&#8221;4.27.4&#8243; _module_preset=&#8221;default&#8221; global_colors_info=&#8221;{}&#8221; theme_builder_area=&#8221;post_content&#8221;][et_pb_column type=&#8221;4_4&#8243; _builder_version=&#8221;4.27.4&#8243; _module_preset=&#8221;default&#8221; global_colors_info=&#8221;{}&#8221; theme_builder_area=&#8221;post_content&#8221;][et_pb_text _builder_version=&#8221;4.27.4&#8243; _module_preset=&#8221;default&#8221; header_2_font=&#8221;&#8211;et_global_heading_font||||||||&#8221; text_font_size_tablet=&#8221;16px&#8221; text_font_size_phone=&#8221;16px&#8221; text_font_size_last_edited=&#8221;on|phone&#8221; global_colors_info=&#8221;{}&#8221; theme_builder_area=&#8221;post_content&#8221;]<\/p>\n<h2><strong>Odgovori na va\u0161a pitanja<\/strong><span style=\"font-weight: 400;\"><br \/><\/span><\/h2>\n<p style=\"text-align: justify;\"><span style=\"font-weight: 400;\">Ovdje su odgovori na neka od naj\u010de\u0161\u0107ih pitanja o Richmond Park \u0161kolama. Za upite vezane za odre\u0111eni kampus, slobodno se obratite lokalnim timovima za upis.<\/span><\/p>\n<p>[\/et_pb_text][\/et_pb_column][\/et_pb_row][et_pb_row _builder_version=&#8221;4.27.4&#8243; _module_preset=&#8221;default&#8221; theme_builder_area=&#8221;post_content&#8221;][et_pb_column _builder_version=&#8221;4.27.4&#8243; _module_preset=&#8221;default&#8221; type=&#8221;4_4&#8243; theme_builder_area=&#8221;post_content&#8221;][et_pb_toggle title=&#8221;What languages are classes taught in?&#8221; _builder_version=&#8221;4.27.4&#8243; _module_preset=&#8221;default&#8221; theme_builder_area=&#8221;post_content&#8221; toggle_icon=&#8221;&#xf150;||fa||900&#8243; icon_color=&#8221;#EB5E42&#8243; box_shadow_style=&#8221;preset1&#8243; hover_enabled=&#8221;0&#8243; sticky_enabled=&#8221;0&#8243; open_icon_color=&#8221;#EB5E42&#8243;]<\/p>\n<p><span style=\"font-weight: 400;\">Ve\u0107ina nastavnih predmeta se izvodi na engleskom jeziku, uz integrisane predmete iz bosanskog jezika i kulture, u skladu s nacionalnim standardima.<\/span><\/p>\n<p>[\/et_pb_toggle][et_pb_toggle title=&#8221;What curriculum is followed?&#8221; _builder_version=&#8221;4.27.4&#8243; _module_preset=&#8221;default&#8221; theme_builder_area=&#8221;post_content&#8221; toggle_icon=&#8221;&#xf150;||fa||900&#8243; icon_color=&#8221;#EB5E42&#8243; box_shadow_style=&#8221;preset1&#8243; hover_enabled=&#8221;0&#8243; sticky_enabled=&#8221;0&#8243; open_icon_color=&#8221;#EB5E42&#8243;]<\/p>\n<p><span style=\"font-weight: 400;\">Richmond Park \u0161kole kombinuju Cambridge International kurikulum sa common core standardima prilago\u0111enim za Bosnu i Hercegovinu, pru\u017eaju\u0107i u\u010denicima bogato obrazovno iskustvo.<\/span><\/p>\n<p>[\/et_pb_toggle][et_pb_toggle title=&#8221;Is Richmond Park open to international students?&#8221; _builder_version=&#8221;4.27.4&#8243; _module_preset=&#8221;default&#8221; theme_builder_area=&#8221;post_content&#8221; toggle_icon=&#8221;&#xf150;||fa||900&#8243; icon_color=&#8221;#EB5E42&#8243; box_shadow_style=&#8221;preset1&#8243; hover_enabled=&#8221;0&#8243; sticky_enabled=&#8221;0&#8243; open_icon_color=&#8221;#EB5E42&#8243;]<\/p>\n<p><span style=\"font-weight: 400;\">Apsolutno. Dobrodo\u0161li su u\u010denici svih nacionalnosti, a trenutno imamo porodice iz vi\u0161e od 35 zemalja.<\/span><\/p>\n<p>[\/et_pb_toggle][et_pb_toggle title=&#8221;Are there school uniforms?&#8221; _builder_version=&#8221;4.27.4&#8243; _module_preset=&#8221;default&#8221; theme_builder_area=&#8221;post_content&#8221; toggle_icon=&#8221;&#xf150;||fa||900&#8243; icon_color=&#8221;#EB5E42&#8243; box_shadow_style=&#8221;preset1&#8243; hover_enabled=&#8221;0&#8243; sticky_enabled=&#8221;0&#8243; open_icon_color=&#8221;#EB5E42&#8243;]<\/p>\n<p><span style=\"font-weight: 400;\">Da. Od svih u\u010denika se o\u010dekuje no\u0161enje \u0161kolske uniforme, koja se neznatno razlikuje u zavisnosti od nivoa obrazovanja i kampusa.<\/span><\/p>\n<p>[\/et_pb_toggle][et_pb_toggle title=&#8221;What is the student-to-teacher ratio?&#8221; _builder_version=&#8221;4.27.4&#8243; _module_preset=&#8221;default&#8221; theme_builder_area=&#8221;post_content&#8221; toggle_icon=&#8221;&#xf150;||fa||900&#8243; icon_color=&#8221;#EB5E42&#8243; box_shadow_style=&#8221;preset1&#8243; hover_enabled=&#8221;0&#8243; sticky_enabled=&#8221;0&#8243; open_icon_color=&#8221;#EB5E42&#8243;]<\/p>\n<p><span style=\"font-weight: 400;\">Iako se razlikuje po nivoima i kampusima, odr\u017eavamo male razrede kako bismo osigurali individualiziranu pa\u017enju.<\/span><\/p>\n<p>[\/et_pb_toggle][et_pb_toggle title=&#8221;Do students need to speak English before enrolling?&#8221; _builder_version=&#8221;4.27.4&#8243; _module_preset=&#8221;default&#8221; theme_builder_area=&#8221;post_content&#8221; toggle_icon=&#8221;&#xf150;||fa||900&#8243; icon_color=&#8221;#EB5E42&#8243; box_shadow_style=&#8221;preset1&#8243; hover_enabled=&#8221;0&#8243; sticky_enabled=&#8221;0&#8243; open_icon_color=&#8221;#EB5E42&#8243;]<\/p>\n<p><span style=\"font-weight: 400;\">Nije nu\u017eno. Nudimo podr\u0161ku za u\u010denike kojima engleski nije maternji jezik, posebno na pred\u0161kolskom i osnovno\u0161kolskom nivou.<\/span><\/p>\n<p>[\/et_pb_toggle][et_pb_toggle title=&#8221;Is there an entrance exam to get into Richmond Park Schools?&#8221; _builder_version=&#8221;4.27.4&#8243; _module_preset=&#8221;default&#8221; theme_builder_area=&#8221;post_content&#8221; toggle_icon=&#8221;&#xf150;||fa||900&#8243; icon_color=&#8221;#EB5E42&#8243; box_shadow_style=&#8221;preset1&#8243; hover_enabled=&#8221;0&#8243; sticky_enabled=&#8221;0&#8243; open_icon_color=&#8221;#EB5E42&#8243;]<\/p>\n<p><span style=\"font-weight: 400;\">Nismo selektivna institucija i ne zahtijevamo prijemni ispit za op\u0161ti upis. Me\u0111utim, provodimo akademska testiranja kao dio programa stipendija za u\u010denike srednje \u0161kole. Testovi obuhvataju predmete poput bosanskog\/hrvatskog\/srpskog jezika, engleskog, matematike, nauka i op\u0107eg znanja. Za detaljnije informacije o upisu ili stipendijama, molimo kontaktirajte nas.<\/span><\/p>\n<p>[\/et_pb_toggle][et_pb_toggle title=&#8221;How do you communicate with parents?&#8221; _builder_version=&#8221;4.27.4&#8243; _module_preset=&#8221;default&#8221; theme_builder_area=&#8221;post_content&#8221; toggle_icon=&#8221;&#xf150;||fa||900&#8243; icon_color=&#8221;#EB5E42&#8243; box_shadow_style=&#8221;preset1&#8243; hover_enabled=&#8221;0&#8243; sticky_enabled=&#8221;0&#8243; open_icon_color=&#8221;#EB5E42&#8243;]<\/p>\n<p><span style=\"font-weight: 400;\">Roditelje smatramo klju\u010dnim partnerima u obrazovanju. Komunikacija je stalna putem na\u0161e web stranice, dru\u0161tvenih mre\u017ea, \u0161kolskih biltena i platforme SchoolMind. Ovaj digitalni alat omogu\u0107ava roditeljima pra\u0107enje ocjena, doma\u0107ih zadataka, prisustva, obavijesti i jo\u0161 mnogo toga \u2014 poma\u017eu\u0107i porodicama da ostanu u bliskoj vezi sa \u0161kolskim iskustvom svog djeteta.<\/span><\/p>\n<p>[\/et_pb_toggle][et_pb_toggle title=&#8221;How are meals, transport, and extracurriculars managed?&#8221; _builder_version=&#8221;4.27.4&#8243; _module_preset=&#8221;default&#8221; theme_builder_area=&#8221;post_content&#8221; toggle_icon=&#8221;&#xf150;||fa||900&#8243; icon_color=&#8221;#EB5E42&#8243; box_shadow_style=&#8221;preset1&#8243; hover_enabled=&#8221;0&#8243; sticky_enabled=&#8221;0&#8243; open_icon_color=&#8221;#EB5E42&#8243;]<\/p>\n<p><span style=\"font-weight: 400;\">Ove usluge variraju po kampusima. Za ta\u010dne informacije kontaktirajte \u017eeljeni kampus.<\/span><\/p>\n<p>[\/et_pb_toggle][et_pb_toggle title=&#8221;When should we apply for the next school year?&#8221; _builder_version=&#8221;4.27.4&#8243; _module_preset=&#8221;default&#8221; theme_builder_area=&#8221;post_content&#8221; toggle_icon=&#8221;&#xf150;||fa||900&#8243; icon_color=&#8221;#EB5E42&#8243; box_shadow_style=&#8221;preset1&#8243; hover_enabled=&#8221;0&#8243; sticky_enabled=&#8221;0&#8243; open_icon_color=&#8221;#EB5E42&#8243;]<\/p>\n<p><span style=\"font-weight: 400;\">Redovne prijave za nove u\u010denike otvaraju se svake godine u prolje\u0107e. Ipak, porodice su dobrodo\u0161le da nas kontaktiraju u bilo koje doba godine kako bi provjerile dostupnost mjesta u odre\u0111enim razredima ili kampusima, jer tokom \u0161kolske godine mogu biti ograni\u010den broj slobodnih mjesta.<\/span><\/p>\n<p>[\/et_pb_toggle][\/et_pb_column][\/et_pb_row][\/et_pb_section][et_pb_section fb_built=&#8221;1&#8243; admin_label=&#8221;Call to Action&#8221; _builder_version=&#8221;4.27.4&#8243; _module_preset=&#8221;default&#8221; background_color=&#8221;#0E5058&#8243; top_divider_style=&#8221;ramp2&#8243; top_divider_color=&#8221;#FFFFFF&#8221; top_divider_height=&#8221;140px&#8221; top_divider_repeat=&#8221;1x&#8221; top_divider_height_tablet=&#8221;140px&#8221; top_divider_height_phone=&#8221;54px&#8221; top_divider_height_last_edited=&#8221;on|desktop&#8221; collapsed=&#8221;on&#8221; global_colors_info=&#8221;{}&#8221; theme_builder_area=&#8221;post_content&#8221;][et_pb_row _builder_version=&#8221;4.27.4&#8243; _module_preset=&#8221;default&#8221; use_background_color_gradient=&#8221;on&#8221; background_color_gradient_stops=&#8221;rgba(14,14,14,0.85) 0%|rgba(14,14,14,0.2) 100%&#8221; background_color_gradient_overlays_image=&#8221;on&#8221; background_image=&#8221;https:\/\/rps.edu.ba\/wp-content\/uploads\/2025\/07\/RPS-campuses-sarajevo-wide-1024&#215;512-copy.jpg&#8221; max_width=&#8221;1280px&#8221; custom_padding=&#8221;8vw|3px|8vw|3px|true|true&#8221; hover_enabled=&#8221;0&#8243; border_radii=&#8221;on|3vw|3vw|3vw|3vw&#8221; global_colors_info=&#8221;{}&#8221; custom_margin__hover_enabled=&#8221;off|desktop&#8221; theme_builder_area=&#8221;post_content&#8221; alt=&#8221;Richmond Park Schools Sarajevo Campus Building&#8221; title_text=&#8221;RPS-campuses-sarajevo-wide-1024&#215;512 copy&#8221; sticky_enabled=&#8221;0&#8243;][et_pb_column type=&#8221;4_4&#8243; _builder_version=&#8221;4.27.4&#8243; _module_preset=&#8221;default&#8221; global_colors_info=&#8221;{}&#8221; theme_builder_area=&#8221;post_content&#8221;][et_pb_text _builder_version=&#8221;4.27.4&#8243; _module_preset=&#8221;_initial&#8221; header_font=&#8221;&#8211;et_global_heading_font|800|||||||&#8221; header_text_color=&#8221;#FFFFFF&#8221; header_2_font=&#8221;Figtree|700|||||||&#8221; header_2_text_color=&#8221;#FFFFFF&#8221; header_2_line_height=&#8221;1.2em&#8221; text_orientation=&#8221;center&#8221; hover_enabled=&#8221;0&#8243; header_2_font_size_tablet=&#8221;40px&#8221; header_2_font_size_phone=&#8221;24px&#8221; header_2_font_size_last_edited=&#8221;off|desktop&#8221; global_colors_info=&#8221;{}&#8221; theme_builder_area=&#8221;post_content&#8221; sticky_enabled=&#8221;0&#8243;]<\/p>\n<h1>Jo\u0161 imate pitanja? Tu smo da pomognemo.<\/h1>\n<p>[\/et_pb_text][et_pb_text _builder_version=&#8221;4.27.4&#8243; _module_preset=&#8221;_initial&#8221; header_2_font=&#8221;Figtree|700|||||||&#8221; header_2_text_color=&#8221;#FFFFFF&#8221; header_2_font_size=&#8221;100px&#8221; header_2_line_height=&#8221;1.2em&#8221; header_4_text_color=&#8221;#FFFFFF&#8221; header_5_text_color=&#8221;#FFFFFF&#8221; text_orientation=&#8221;center&#8221; custom_padding=&#8221;|10vw||10vw|false|true&#8221; custom_padding_tablet=&#8221;|3vw||3vw|false|true&#8221; custom_padding_phone=&#8221;|1vw||1vw|false|true&#8221; custom_padding_last_edited=&#8221;on|tablet&#8221; hover_enabled=&#8221;0&#8243; header_2_font_size_tablet=&#8221;40px&#8221; header_2_font_size_phone=&#8221;24px&#8221; header_2_font_size_last_edited=&#8221;on|desktop&#8221; header_4_font_size_tablet=&#8221;21px&#8221; header_4_font_size_phone=&#8221;21px&#8221; header_4_font_size_last_edited=&#8221;on|phone&#8221; global_colors_info=&#8221;{}&#8221; theme_builder_area=&#8221;post_content&#8221; sticky_enabled=&#8221;0&#8243;]<\/p>\n<h4>Na\u0161 tim za upis dostupan je tokom cijele godine da odgovori na va\u0161a pitanja i podr\u017ei vas u svakom koraku procesa. Bilo da tek istra\u017eujete ili ste spremni za prijavu, slobodno nas kontaktirajte \u2014 rado \u0107emo pomo\u0107i!<\/h4>\n<p>[\/et_pb_text][et_pb_button button_url=&#8221;@ET-DC@eyJkeW5hbWljIjp0cnVlLCJjb250ZW50IjoicG9zdF9saW5rX3VybF9wYWdlIiwic2V0dGluZ3MiOnsicG9zdF9pZCI6IjYwIn19@&#8221; button_text=&#8221;Contact Us&#8221; _builder_version=&#8221;4.27.4&#8243; _dynamic_attributes=&#8221;button_url&#8221; _module_preset=&#8221;_initial&#8221; button_text_size=&#8221;19px&#8221; button_bg_color=&#8221;#EB5E42&#8243; button_font=&#8221;Cabin|700|||||||&#8221; custom_padding=&#8221;16px|40px|16px|40px|true|true&#8221; button_text_size_tablet=&#8221;19px&#8221; button_text_size_phone=&#8221;16px&#8221; button_text_size_last_edited=&#8221;on|phone&#8221; global_colors_info=&#8221;{}&#8221; theme_builder_area=&#8221;post_content&#8221;][\/et_pb_button][\/et_pb_column][\/et_pb_row][\/et_pb_section]<\/p>","protected":false},"excerpt":{"rendered":"<p>Your Questions, Answered Here are answers to some of the most common questions about Richmond Park Schools. For campus-specific queries, feel free to reach out to our local admissions teams.Most academic subjects are taught in English, with Bosnian language and cultural subjects integrated as required by national standards.Richmond Park Schools combine the Cambridge International curriculum [&hellip;]<\/p>","protected":false},"author":1,"featured_media":0,"parent":0,"menu_order":0,"comment_status":"closed","ping_status":"closed","template":"","meta":{"_et_pb_use_builder":"on","_et_pb_old_content":"<!-- wp:divi\/placeholder \/-->","_et_gb_content_width":"","iawp_total_views":73,"footnotes":""},"class_list":["post-241651","page","type-page","status-publish","hentry"],"_links":{"self":[{"href":"https:\/\/rps.edu.ba\/bs\/wp-json\/wp\/v2\/pages\/241651","targetHints":{"allow":["GET"]}}],"collection":[{"href":"https:\/\/rps.edu.ba\/bs\/wp-json\/wp\/v2\/pages"}],"about":[{"href":"https:\/\/rps.edu.ba\/bs\/wp-json\/wp\/v2\/types\/page"}],"author":[{"embeddable":true,"href":"https:\/\/rps.edu.ba\/bs\/wp-json\/wp\/v2\/users\/1"}],"replies":[{"embeddable":true,"href":"https:\/\/rps.edu.ba\/bs\/wp-json\/wp\/v2\/comments?post=241651"}],"version-history":[{"count":3,"href":"https:\/\/rps.edu.ba\/bs\/wp-json\/wp\/v2\/pages\/241651\/revisions"}],"predecessor-version":[{"id":241744,"href":"https:\/\/rps.edu.ba\/bs\/wp-json\/wp\/v2\/pages\/241651\/revisions\/241744"}],"wp:attachment":[{"href":"https:\/\/rps.edu.ba\/bs\/wp-json\/wp\/v2\/media?parent=241651"}],"curies":[{"name":"wp","href":"https:\/\/api.w.org\/{rel}","templated":true}]}}