{"id":241654,"date":"2025-07-11T10:13:16","date_gmt":"2025-07-11T09:13:16","guid":{"rendered":"https:\/\/rps.edu.ba\/?page_id=241654"},"modified":"2025-07-11T14:09:05","modified_gmt":"2025-07-11T13:09:05","slug":"our-journey","status":"publish","type":"page","link":"https:\/\/rps.edu.ba\/bs\/our-journey\/","title":{"rendered":"Na\u0161e putovanje"},"content":{"rendered":"<p>[et_pb_section fb_built=&#8221;1&#8243; fullwidth=&#8221;on&#8221; _builder_version=&#8221;4.27.4&#8243; _module_preset=&#8221;default&#8221; background_color=&#8221;#FFFFFA&#8221; background_image=&#8221;https:\/\/rps.edu.ba\/wp-content\/uploads\/2025\/07\/rps_digital_poly-2-min.png&#8221; parallax=&#8221;on&#8221; bottom_divider_style=&#8221;asymmetric4&#8243; bottom_divider_color=&#8221;#0E5058&#8243; bottom_divider_style_tablet=&#8221;asymmetric4&#8243; bottom_divider_style_phone=&#8221;asymmetric4&#8243; bottom_divider_style_last_edited=&#8221;on|phone&#8221; bottom_divider_height_tablet=&#8221;&#8221; bottom_divider_height_phone=&#8221;64px&#8221; bottom_divider_height_last_edited=&#8221;on|phone&#8221; global_colors_info=&#8221;{}&#8221; theme_builder_area=&#8221;post_content&#8221;][et_pb_fullwidth_header title=&#8221;@ET-DC@eyJkeW5hbWljIjp0cnVlLCJjb250ZW50IjoicG9zdF9saW5rIiwic2V0dGluZ3MiOnsiYmVmb3JlIjoiIiwiYWZ0ZXIiOiIiLCJ0ZXh0IjoicG9zdF90aXRsZSIsImN1c3RvbV90ZXh0IjoiIn19@&#8221; _builder_version=&#8221;4.27.4&#8243; _dynamic_attributes=&#8221;title&#8221; _module_preset=&#8221;default&#8221; title_font=&#8221;&#8211;et_global_heading_font|700||on|||||&#8221; title_font_size=&#8221;54px&#8221; title_font_size_tablet=&#8221;50px&#8221; title_font_size_phone=&#8221;38px&#8221; title_font_size_last_edited=&#8221;on|phone&#8221; global_colors_info=&#8221;{}&#8221; theme_builder_area=&#8221;post_content&#8221;][\/et_pb_fullwidth_header][\/et_pb_section][et_pb_section fb_built=&#8221;1&#8243; _builder_version=&#8221;4.27.4&#8243; _module_preset=&#8221;default&#8221; background_image=&#8221;https:\/\/rps.edu.ba\/wp-content\/uploads\/2025\/07\/rps_digital_poly-2-min.png&#8221; background_size=&#8221;initial&#8221; background_repeat=&#8221;repeat-y&#8221; top_divider_style=&#8221;slant&#8221; top_divider_color=&#8221;#0E5058&#8243; top_divider_style_tablet=&#8221;slant&#8221; top_divider_style_phone=&#8221;slant&#8221; top_divider_style_last_edited=&#8221;on|tablet&#8221; top_divider_height_tablet=&#8221;69px&#8221; top_divider_height_phone=&#8221;69px&#8221; top_divider_height_last_edited=&#8221;on|phone&#8221; global_colors_info=&#8221;{}&#8221; theme_builder_area=&#8221;post_content&#8221;][et_pb_row _builder_version=&#8221;4.27.4&#8243; _module_preset=&#8221;default&#8221; global_colors_info=&#8221;{}&#8221; theme_builder_area=&#8221;post_content&#8221;][et_pb_column type=&#8221;4_4&#8243; _builder_version=&#8221;4.27.4&#8243; _module_preset=&#8221;default&#8221; global_colors_info=&#8221;{}&#8221; theme_builder_area=&#8221;post_content&#8221;][et_pb_text _builder_version=&#8221;4.27.4&#8243; _module_preset=&#8221;default&#8221; header_2_font=&#8221;&#8211;et_global_heading_font||||||||&#8221; text_font_size_tablet=&#8221;16px&#8221; text_font_size_phone=&#8221;16px&#8221; text_font_size_last_edited=&#8221;on|phone&#8221; global_colors_info=&#8221;{}&#8221; theme_builder_area=&#8221;post_content&#8221;]<\/p>\n<h2><span style=\"font-weight: 400;\"><b>Od jedinstvene vizije do nacionalnog lidera u obrazovanju<\/b><\/span><\/h2>\n<p style=\"text-align: justify;\"><span style=\"font-weight: 400;\">Od svog osnivanja 1996. godine, Richmond Park Education je izrastao u jednu od vode\u0107ih privatnih obrazovnih \u0161kola u Bosni i Hercegovini, nude\u0107i sveobuhvatno, visokokvalitetno obrazovanje od pred\u0161kolskog do univerzitetskog nivoa. Sa kampusima u Sarajevu, Biha\u0107u, Tuzli, Cazinu i \u017divinicama, grupa obuhvata 12 institucija, uklju\u010duju\u0107i pred\u0161kolske ustanove, osnovne i srednje \u0161kole. Trenutno je u \u0161kolama Richmond Park upisano vi\u0161e od 1.800 u\u010denika iz 36 nacionalnosti.<\/span><\/p>\n<p style=\"text-align: justify;\"><span style=\"font-weight: 400;\">\u0160kole se fokusiraju ne samo na akademsku izvrsnost, ve\u0107 i na razvoj karaktera, inovacije i dru\u0161tvenu odgovornost. U\u010denici imaju koristi od Cambridge kurikuluma oboga\u0107enog lokalnim programom, koji se izvodi na engleskom jeziku, uz bogatu ponudu vannastavnih aktivnosti i sigurno, podsticajno okru\u017eenje na kampusu.<\/span><\/p>\n<p>[\/et_pb_text][\/et_pb_column][\/et_pb_row][et_pb_row _builder_version=&#8221;4.27.4&#8243; _module_preset=&#8221;default&#8221; animation_direction=&#8221;top&#8221; global_colors_info=&#8221;{}&#8221; theme_builder_area=&#8221;post_content&#8221;][et_pb_column type=&#8221;4_4&#8243; _builder_version=&#8221;4.27.4&#8243; _module_preset=&#8221;default&#8221; global_colors_info=&#8221;{}&#8221; theme_builder_area=&#8221;post_content&#8221;][tmdivi_timeline timeline_color=&#8221;#EB5E42&#8243; timeline_line_width=&#8221;5px&#8221; timeline_fill_setting=&#8221;on&#8221; timeline_fill_color=&#8221;#0E5058&#8243; icon_background_color=&#8221;#FFFFFF&#8221; icon_color=&#8221;#EB5E42&#8243; label_font=&#8221;Montserrat|700|||||||&#8221; label_font_color=&#8221;#0E5058&#8243; sub_label_font=&#8221;Montserrat|600|||||||&#8221; year_label_font=&#8221;Montserrat|600|||||||&#8221; story_background_color=&#8221;#0E5058&#8243; heading_font_color=&#8221;#FFFFFF&#8221; heading_background_color=&#8221;RGBA(255,255,255,0)&#8221; heading_text_align=&#8221;center&#8221; heading_text_size=&#8221;22px&#8221; description_font_color=&#8221;#FFFFFF&#8221; description_background_color=&#8221;RGBA(255,255,255,0)&#8221; description_text_size=&#8221;16px&#8221; _builder_version=&#8221;4.27.4&#8243; _module_preset=&#8221;default&#8221; heading_settings_font=&#8221;&#8211;et_global_heading_font|700||on|||||&#8221; description_settings_font=&#8221;&#8211;et_global_body_font||||||||&#8221; border_radii_story_settings=&#8221;on|60px|60px|60px|60px&#8221; border_color_all_story_settings=&#8221;RGBA(255,255,255,0)&#8221; border_width_all_story_settings_tablet=&#8221;&#8221; border_width_all_story_settings_phone=&#8221;&#8221; border_width_all_story_settings_last_edited=&#8221;on|phone&#8221; global_colors_info=&#8221;{}&#8221; theme_builder_area=&#8221;post_content&#8221;][tmdivi_timeline_story show_label=&#8221;off&#8221; label_date=&#8221;1996&#8243; sub_label=&#8221;Establishment&#8221; story_title=&#8221;Richmond Park Education and Richmond Park College Sarajevo&#8221; _builder_version=&#8221;4.27.4&#8243; global_colors_info=&#8221;{}&#8221; theme_builder_area=&#8221;post_content&#8221;]<\/p>\n<p><span style=\"font-weight: 400;\">Richmond Park Schools su zvani\u010dno zapo\u010dele s radom s misijom da ponude obrazovanje svjetske klase u Bosni i Hercegovini. Richmond Park College Sarajevo osnovan je kao internatska srednja \u0161kola za djevoj\u010dice i dje\u010dake, te kao prva privatna \u0161kola u zemlji koja nudi obrazovanje na engleskom jeziku.<\/span><span style=\"font-weight: 400;\"><br \/><\/span><\/p>\n<p>[\/tmdivi_timeline_story][tmdivi_timeline_story label_date=&#8221;1997&#8243; sub_label=&#8221;Establishment&#8221; story_title=&#8221;Richmond Park College Biha\u0107&#8221; _builder_version=&#8221;4.27.4&#8243; global_colors_info=&#8221;{}&#8221; theme_builder_area=&#8221;post_content&#8221;]<\/p>\n<p><span style=\"font-weight: 400;\">Richmond Park College Biha\u0107 osnovan je kao internatska srednja \u0161kola za djevoj\u010dice i dje\u010dake. Bila je to prva privatna \u0161kola u regiji koja je nudila obrazovanje na engleskom jeziku.<\/span><\/p>\n<p>[\/tmdivi_timeline_story][tmdivi_timeline_story label_date=&#8221;1998&#8243; sub_label=&#8221;Expansion&#8221; story_title=&#8221;Richmond Park International Primary School Sarajevo&#8221; _builder_version=&#8221;4.27.4&#8243; global_colors_info=&#8221;{}&#8221; theme_builder_area=&#8221;post_content&#8221;]<\/p>\n<p><span style=\"font-weight: 400;\">Zahvaljuju\u0107i izuzetnom uspjehu svojih internatskih srednjih \u0161kola, Richmond Park Education je prepoznao potrebu za osnivanjem me\u0111unarodne osnovne \u0161kole. \u0160kola nudi Cambridge kurikulum integriran s lokalnim nastavnim planom, a nastava se u potpunosti izvodi na engleskom jeziku kako bi podr\u017eala raznoliku zajednicu lokalnih i stranih u\u010denika.<\/span><\/p>\n<p>[\/tmdivi_timeline_story][tmdivi_timeline_story label_date=&#8221;2003&#8243; sub_label=&#8221;Establishment&#8221; story_title=&#8221;Richmond Park International Schools Tuzla&#8221; _builder_version=&#8221;4.27.4&#8243; global_colors_info=&#8221;{}&#8221; theme_builder_area=&#8221;post_content&#8221;]<\/p>\n<p><span style=\"font-weight: 400;\">Kao tre\u0107i najve\u0107i urbani centar u zemlji, Tuzla je bila prirodan izbor za \u0161irenje. Osnovna, srednja i pred\u0161kolska odjeljenja pokrenuta su postepeno, prate\u0107i sve ve\u0107e interesovanje javnosti. <\/span><\/p>\n<p>[\/tmdivi_timeline_story][tmdivi_timeline_story label_date=&#8221;2010&#8243; sub_label=&#8221;Expansion&#8221; story_title=&#8221;Richmond Park International Secondary School Sarajevo and International Preschool Sarajevo&#8221; _builder_version=&#8221;4.27.4&#8243; global_colors_info=&#8221;{}&#8221; theme_builder_area=&#8221;post_content&#8221;]<\/p>\n<p><span style=\"font-weight: 400;\">Uspjeh me\u0111unarodne osnovne \u0161kole u Sarajevu pokrenuo je daljnje \u0161irenje Richmond Park Education-a u gradu. Pokrenute su dvije nove institucije \u2013 Richmond Park me\u0111unarodna srednja \u0161kola Sarajevo i Sunshine pred\u0161kolska ustanova, danas poznata kao Richmond Park me\u0111unarodna pred\u0161kolska ustanova Sarajevo. <\/span><\/p>\n<p>[\/tmdivi_timeline_story][tmdivi_timeline_story label_date=&#8221;2010&#8243; sub_label=&#8221;Establishment&#8221; story_title=&#8221;BOSEPO &#8211; Bosnian Science Project Olympiad&#8221; _builder_version=&#8221;4.27.4&#8243; global_colors_info=&#8221;{}&#8221; theme_builder_area=&#8221;post_content&#8221;]<\/p>\n<p><span style=\"font-weight: 400;\">2010. godine Richmond Park Education pokrenuo je BOSEPO, prvi sajam nauke u Bosni i Hercegovini, s ciljem da podstakne inovacije i nau\u010dno razmi\u0161ljanje me\u0111u mladim u\u010denicima \u0161irom zemlje. U posljednjim godinama, ovaj doga\u0111aj prerastao je u me\u0111unarodnu manifestaciju, dodatno u\u010dvrstiv\u0161i svoj globalni uticaj.<\/span><span style=\"font-weight: 400;\"><br \/><\/span><\/p>\n<p>[\/tmdivi_timeline_story][tmdivi_timeline_story label_date=&#8221;2012&#8243; sub_label=&#8221;Expansion&#8221; story_title=&#8221;Richmond Park International Primary School Biha\u0107 and International Preschool Biha\u0107&#8221; _builder_version=&#8221;4.27.4&#8243; global_colors_info=&#8221;{}&#8221; theme_builder_area=&#8221;post_content&#8221;]<\/p>\n<p><span style=\"font-weight: 400;\">Pokrenuta je jo\u0161 jedna me\u0111unarodna osnovna \u0161kola kako bi se dodatno nadogradilo na uspjeh srednje \u0161kole \u2013 Richmond Park College Biha\u0107. Nedugo zatim osnovana je i pred\u0161kolska ustanova kako bi se odgovorilo na rastu\u0107u potra\u017enju.<\/span><\/p>\n<p>[\/tmdivi_timeline_story][tmdivi_timeline_story label_date=&#8221;2019&#8243; sub_label=&#8221;Expansion&#8221; story_title=&#8221;MILSET Europe Membership&#8221; _builder_version=&#8221;4.27.4&#8243; global_colors_info=&#8221;{}&#8221; theme_builder_area=&#8221;post_content&#8221;]<\/p>\n<p><span style=\"font-weight: 400;\">Nakon \u0161irenja BOSEPO-a i brojnih me\u0111unarodnih nagrada koje su osvojili u\u010denici odabrani na presti\u017enom nacionalnom takmi\u010denju koje organizuje Richmond Park Education, institucija je dodatno stekla priznanje kao \u010dlan evropske divizije MILSET-a \u2013 Me\u0111unarodnog pokreta za slobodne aktivnosti u nauci i tehnologiji.<\/span><span style=\"font-weight: 400;\"><br \/><\/span><\/p>\n<p>[\/tmdivi_timeline_story][tmdivi_timeline_story label_date=&#8221;2022&#8243; sub_label=&#8221;Expansion&#8221; story_title=&#8221;Richmond Park International Preschool Cazin&#8221; _builder_version=&#8221;4.27.4&#8243; global_colors_info=&#8221;{}&#8221; theme_builder_area=&#8221;post_content&#8221;]<\/p>\n<p><span style=\"font-weight: 400;\">Nastavljaju\u0107i svoju posve\u0107enost ranom obrazovanju, Richmond Park Education se pro\u0161irio na Cazin otvaranjem me\u0111unarodne pred\u0161kolske ustanove koja nudi podr\u017eavaju\u0107e okru\u017eenje na engleskom jeziku, vo\u0111eno me\u0111unarodnim i lokalnim standardima.<\/span><\/p>\n<p>[\/tmdivi_timeline_story][tmdivi_timeline_story label_date=&#8221;2023&#8243; sub_label=&#8221;Expansion&#8221; story_title=&#8221;Richmond Park International Preschool Sarajevo &#8211; Grbavica&#8221; _builder_version=&#8221;4.27.4&#8243; global_colors_info=&#8221;{}&#8221; theme_builder_area=&#8221;post_content&#8221;]<\/p>\n<p><span style=\"font-weight: 400;\">Kako bi odgovorili na rastu\u0107u potra\u017enju u glavnom gradu, Richmond Park je otvorio drugu me\u0111unarodnu pred\u0161kolsku ustanovu u Sarajevu, smje\u0161tenu u Grbavici. Pred\u0161kolska ustanova nastavlja tradiciju izvrsnosti, njeguju\u0107i znati\u017eelju, kreativnost i temeljno u\u010denje u multikulturalnom okru\u017eenju.<\/span><\/p>\n<p>[\/tmdivi_timeline_story][tmdivi_timeline_story label_date=&#8221;2024&#8243; sub_label=&#8221;Accreditation&#8221; story_title=&#8221;British Schools Overseas (BSO) Accreditation&#8221; _builder_version=&#8221;4.27.4&#8243; global_colors_info=&#8221;{}&#8221; theme_builder_area=&#8221;post_content&#8221;]<\/p>\n<p class=\"translation-block\"><span style=\"font-weight: 400\">2024. godine, Richmond Park Education postaje <\/span><b>prva i jedina grupa \u0161kola u Bosni i Hercegovini<\/b><span style=\"font-weight: 400\"> koja je ostvarila punu akreditaciju od <\/span><b>British Schools Overseas (BSO)<\/b><span style=\"font-weight: 400\">.<\/span><\/p>\n<p>[\/tmdivi_timeline_story][\/tmdivi_timeline][\/et_pb_column][\/et_pb_row][\/et_pb_section][et_pb_section fb_built=&#8221;1&#8243; admin_label=&#8221;Call to Action&#8221; _builder_version=&#8221;4.27.4&#8243; _module_preset=&#8221;default&#8221; background_color=&#8221;#0E5058&#8243; top_divider_style=&#8221;ramp2&#8243; top_divider_color=&#8221;#FFFFFF&#8221; top_divider_height=&#8221;140px&#8221; top_divider_repeat=&#8221;1x&#8221; top_divider_height_tablet=&#8221;140px&#8221; top_divider_height_phone=&#8221;54px&#8221; top_divider_height_last_edited=&#8221;on|desktop&#8221; collapsed=&#8221;on&#8221; global_colors_info=&#8221;{}&#8221; theme_builder_area=&#8221;post_content&#8221;][et_pb_row _builder_version=&#8221;4.27.4&#8243; _module_preset=&#8221;default&#8221; use_background_color_gradient=&#8221;on&#8221; background_color_gradient_stops=&#8221;rgba(14,14,14,0.85) 0%|rgba(14,14,14,0.2) 100%&#8221; background_color_gradient_overlays_image=&#8221;on&#8221; background_image=&#8221;https:\/\/rps.edu.ba\/wp-content\/uploads\/2025\/07\/494704438_1197513362384930_2582530346594424795_n.jpg&#8221; max_width=&#8221;1280px&#8221; custom_padding=&#8221;8vw|3px|8vw|3px|true|true&#8221; border_radii=&#8221;on|3vw|3vw|3vw|3vw&#8221; global_colors_info=&#8221;{}&#8221; custom_margin__hover_enabled=&#8221;off|desktop&#8221; theme_builder_area=&#8221;post_content&#8221;][et_pb_column type=&#8221;4_4&#8243; _builder_version=&#8221;4.27.4&#8243; _module_preset=&#8221;default&#8221; global_colors_info=&#8221;{}&#8221; theme_builder_area=&#8221;post_content&#8221;][et_pb_text _builder_version=&#8221;4.27.4&#8243; _module_preset=&#8221;_initial&#8221; header_font=&#8221;&#8211;et_global_heading_font|800|||||||&#8221; header_text_color=&#8221;#FFFFFF&#8221; header_2_font=&#8221;Figtree|700|||||||&#8221; header_2_text_color=&#8221;#FFFFFF&#8221; header_2_line_height=&#8221;1.2em&#8221; text_orientation=&#8221;center&#8221; header_2_font_size_tablet=&#8221;40px&#8221; header_2_font_size_phone=&#8221;24px&#8221; header_2_font_size_last_edited=&#8221;off|desktop&#8221; global_colors_info=&#8221;{}&#8221; theme_builder_area=&#8221;post_content&#8221;]<\/p>\n<h1>Zapo\u010dnite put ka boljoj budu\u0107nosti<\/h1>\n<p>[\/et_pb_text][et_pb_text _builder_version=&#8221;4.27.4&#8243; _module_preset=&#8221;_initial&#8221; header_2_font=&#8221;Figtree|700|||||||&#8221; header_2_text_color=&#8221;#FFFFFF&#8221; header_2_font_size=&#8221;100px&#8221; header_2_line_height=&#8221;1.2em&#8221; header_4_text_color=&#8221;#FFFFFF&#8221; header_5_text_color=&#8221;#FFFFFF&#8221; text_orientation=&#8221;center&#8221; custom_padding=&#8221;|10vw||10vw|false|true&#8221; custom_padding_tablet=&#8221;|3vw||3vw|false|true&#8221; custom_padding_phone=&#8221;|1vw||1vw|false|true&#8221; custom_padding_last_edited=&#8221;on|tablet&#8221; header_2_font_size_tablet=&#8221;40px&#8221; header_2_font_size_phone=&#8221;24px&#8221; header_2_font_size_last_edited=&#8221;on|desktop&#8221; header_4_font_size_tablet=&#8221;21px&#8221; header_4_font_size_phone=&#8221;21px&#8221; header_4_font_size_last_edited=&#8221;on|phone&#8221; global_colors_info=&#8221;{}&#8221; theme_builder_area=&#8221;post_content&#8221;]<\/p>\n<h4>Bez obzira odakle dolazite, va\u0161e putovanje ka izvrsnosti mo\u017ee zapo\u010deti upravo ovdje. Richmond Park \u0161kole nude dinami\u010dnu i inkluzivnu zajednicu zasnovanu na akademskim postignu\u0107ima, razvoju karaktera i strasti za cjelo\u017eivotnim u\u010denjem.<\/h4>\n<p>[\/et_pb_text][et_pb_button button_url=&#8221;@ET-DC@eyJkeW5hbWljIjp0cnVlLCJjb250ZW50IjoicG9zdF9saW5rX3VybF9wYWdlIiwic2V0dGluZ3MiOnsicG9zdF9pZCI6IjYwIn19@&#8221; button_text=&#8221;Contact Us&#8221; _builder_version=&#8221;4.27.4&#8243; _dynamic_attributes=&#8221;button_url&#8221; _module_preset=&#8221;_initial&#8221; button_text_size=&#8221;19px&#8221; button_bg_color=&#8221;#EB5E42&#8243; button_font=&#8221;Cabin|700|||||||&#8221; custom_padding=&#8221;16px|40px|16px|40px|true|true&#8221; button_text_size_tablet=&#8221;19px&#8221; button_text_size_phone=&#8221;16px&#8221; button_text_size_last_edited=&#8221;on|phone&#8221; global_colors_info=&#8221;{}&#8221; theme_builder_area=&#8221;post_content&#8221;][\/et_pb_button][\/et_pb_column][\/et_pb_row][\/et_pb_section]<\/p>","protected":false},"excerpt":{"rendered":"<p>From a Single Vision to a National Education Leader Since its founding in 1996, Richmond Park Education has grown into one of the leading private education networks in Bosnia and Herzegovina, offering comprehensive, high-quality education from preschool to university level. With campuses in Sarajevo, Biha\u0107, Tuzla, Cazin, and \u017divinice the group includes 12 institutions, including [&hellip;]<\/p>","protected":false},"author":1,"featured_media":0,"parent":0,"menu_order":0,"comment_status":"closed","ping_status":"closed","template":"","meta":{"_et_pb_use_builder":"on","_et_pb_old_content":"<!-- wp:divi\/placeholder \/-->","_et_gb_content_width":"","iawp_total_views":136,"footnotes":""},"class_list":["post-241654","page","type-page","status-publish","hentry"],"_links":{"self":[{"href":"https:\/\/rps.edu.ba\/bs\/wp-json\/wp\/v2\/pages\/241654","targetHints":{"allow":["GET"]}}],"collection":[{"href":"https:\/\/rps.edu.ba\/bs\/wp-json\/wp\/v2\/pages"}],"about":[{"href":"https:\/\/rps.edu.ba\/bs\/wp-json\/wp\/v2\/types\/page"}],"author":[{"embeddable":true,"href":"https:\/\/rps.edu.ba\/bs\/wp-json\/wp\/v2\/users\/1"}],"replies":[{"embeddable":true,"href":"https:\/\/rps.edu.ba\/bs\/wp-json\/wp\/v2\/comments?post=241654"}],"version-history":[{"count":3,"href":"https:\/\/rps.edu.ba\/bs\/wp-json\/wp\/v2\/pages\/241654\/revisions"}],"predecessor-version":[{"id":241725,"href":"https:\/\/rps.edu.ba\/bs\/wp-json\/wp\/v2\/pages\/241654\/revisions\/241725"}],"wp:attachment":[{"href":"https:\/\/rps.edu.ba\/bs\/wp-json\/wp\/v2\/media?parent=241654"}],"curies":[{"name":"wp","href":"https:\/\/api.w.org\/{rel}","templated":true}]}}