{"id":50,"date":"2025-07-08T19:08:36","date_gmt":"2025-07-08T18:08:36","guid":{"rendered":"https:\/\/rps.edu.ba\/?page_id=50"},"modified":"2025-07-23T11:10:01","modified_gmt":"2025-07-23T09:10:01","slug":"our-schools","status":"publish","type":"page","link":"https:\/\/rps.edu.ba\/bs\/our-schools\/","title":{"rendered":"Na\u0161e \u0161kole"},"content":{"rendered":"<p>[et_pb_section fb_built=&#8221;1&#8243; fullwidth=&#8221;on&#8221; _builder_version=&#8221;4.27.4&#8243; _module_preset=&#8221;default&#8221; global_colors_info=&#8221;{}&#8221;][et_pb_fullwidth_header title=&#8221;@ET-DC@eyJkeW5hbWljIjp0cnVlLCJjb250ZW50IjoicG9zdF9saW5rIiwic2V0dGluZ3MiOnsiYmVmb3JlIjoiIiwiYWZ0ZXIiOiIiLCJ0ZXh0IjoicG9zdF90aXRsZSIsImN1c3RvbV90ZXh0IjoiIn19@&#8221; _builder_version=&#8221;4.27.4&#8243; _dynamic_attributes=&#8221;title&#8221; _module_preset=&#8221;default&#8221; title_font=&#8221;&#8211;et_global_heading_font|700||on|||||&#8221; title_font_size=&#8221;54px&#8221; title_font_size_tablet=&#8221;50px&#8221; title_font_size_phone=&#8221;38px&#8221; title_font_size_last_edited=&#8221;on|phone&#8221; global_colors_info=&#8221;{}&#8221;][\/et_pb_fullwidth_header][\/et_pb_section][et_pb_section fb_built=&#8221;1&#8243; fullwidth=&#8221;on&#8221; _builder_version=&#8221;4.27.4&#8243; _module_preset=&#8221;default&#8221; global_colors_info=&#8221;{}&#8221;][et_pb_fullwidth_header title=&#8221;Excellence Across Bosnia and Herzegovina&#8221; subhead=&#8221;Richmond Park Schools proudly operates a network of international, English-speaking schools across Bosnia and Herzegovina. Each of our campuses offers a safe, nurturing, and academically enriching environment \u2014 from early childhood through secondary education.<br \/>\nWherever your family\u2019s journey begins, you\u2019ll find a school community committed to helping your child thrive.&#8221; text_orientation=&#8221;right&#8221; button_two_url=&#8221;@ET-DC@eyJkeW5hbWljIjp0cnVlLCJjb250ZW50IjoicG9zdF9saW5rX3VybF9wYWdlIiwic2V0dGluZ3MiOnsicG9zdF9pZCI6IjUwIn19@&#8221; background_overlay_color=&#8221;RGBA(255,255,255,0)&#8221; _builder_version=&#8221;4.27.4&#8243; _dynamic_attributes=&#8221;button_two_url&#8221; _module_preset=&#8221;default&#8221; title_font=&#8221;&#8211;et_global_heading_font|700|||||||&#8221; title_text_align=&#8221;left&#8221; content_text_align=&#8221;justify&#8221; subhead_text_align=&#8221;justify&#8221; subhead_font_size=&#8221;19px&#8221; background_color=&#8221;RGBA(255,255,255,0)&#8221; background_enable_image=&#8221;off&#8221; background_blend=&#8221;overlay&#8221; custom_button_one=&#8221;on&#8221; button_one_icon=&#8221;&#x22;||divi||400&#8243; background_layout=&#8221;light&#8221; custom_padding=&#8221;||0vw||false|false&#8221; content_font_size_tablet=&#8221;&#8221; content_font_size_phone=&#8221;&#8221; content_font_size_last_edited=&#8221;on|desktop&#8221; subhead_font_size_tablet=&#8221;16px&#8221; subhead_font_size_phone=&#8221;&#8221; subhead_font_size_last_edited=&#8221;on|phone&#8221; global_colors_info=&#8221;{}&#8221;][\/et_pb_fullwidth_header][\/et_pb_section][et_pb_section fb_built=&#8221;1&#8243; _builder_version=&#8221;4.27.4&#8243; _module_preset=&#8221;default&#8221; custom_padding=&#8221;0px||||false|false&#8221; bottom_divider_style=&#8221;curve2&#8243; bottom_divider_color=&#8221;#0E5058&#8243; global_colors_info=&#8221;{}&#8221;][et_pb_row column_structure=&#8221;1_4,1_4,1_4,1_4&#8243; _builder_version=&#8221;4.27.4&#8243; _module_preset=&#8221;default&#8221; custom_padding=&#8221;0px||||false|false&#8221; global_colors_info=&#8221;{}&#8221;][et_pb_column type=&#8221;1_4&#8243; _builder_version=&#8221;4.27.4&#8243; _module_preset=&#8221;default&#8221; global_colors_info=&#8221;{}&#8221;][et_pb_button button_url=&#8221;@ET-DC@eyJkeW5hbWljIjp0cnVlLCJjb250ZW50IjoicG9zdF9saW5rX3VybF9wYWdlIiwic2V0dGluZ3MiOnsicG9zdF9pZCI6IjUyIn19@&#8221; button_text=&#8221;Why Choose Us?&#8221; _builder_version=&#8221;4.27.4&#8243; _dynamic_attributes=&#8221;button_url&#8221; _module_preset=&#8221;default&#8221; global_colors_info=&#8221;{}&#8221;][\/et_pb_button][\/et_pb_column][et_pb_column type=&#8221;1_4&#8243; _builder_version=&#8221;4.27.4&#8243; _module_preset=&#8221;default&#8221; global_colors_info=&#8221;{}&#8221;][et_pb_button button_url=&#8221;@ET-DC@eyJkeW5hbWljIjp0cnVlLCJjb250ZW50IjoicG9zdF9saW5rX3VybF9wYWdlIiwic2V0dGluZ3MiOnsicG9zdF9pZCI6IjU0In19@&#8221; button_text=&#8221;Admissions Info&#8221; _builder_version=&#8221;4.27.4&#8243; _dynamic_attributes=&#8221;button_url&#8221; _module_preset=&#8221;default&#8221; global_colors_info=&#8221;{}&#8221;][\/et_pb_button][\/et_pb_column][et_pb_column type=&#8221;1_4&#8243; _builder_version=&#8221;4.27.4&#8243; _module_preset=&#8221;default&#8221; global_colors_info=&#8221;{}&#8221;][et_pb_button button_url=&#8221;@ET-DC@eyJkeW5hbWljIjp0cnVlLCJjb250ZW50IjoicG9zdF9saW5rX3VybF9wYWdlIiwic2V0dGluZ3MiOnsicG9zdF9pZCI6IjYwIn19@&#8221; button_text=&#8221;Plan Your Visit&#8221; _builder_version=&#8221;4.27.4&#8243; _dynamic_attributes=&#8221;button_url&#8221; _module_preset=&#8221;default&#8221; global_colors_info=&#8221;{}&#8221;][\/et_pb_button][\/et_pb_column][et_pb_column type=&#8221;1_4&#8243; _builder_version=&#8221;4.27.4&#8243; _module_preset=&#8221;default&#8221; global_colors_info=&#8221;{}&#8221;][et_pb_button button_url=&#8221;@ET-DC@eyJkeW5hbWljIjp0cnVlLCJjb250ZW50IjoicG9zdF9saW5rX3VybF9wYWdlIiwic2V0dGluZ3MiOnsicG9zdF9pZCI6IjI0MTY1MSJ9fQ==@&#8221; button_text=&#8221;FAQ&#8221; _builder_version=&#8221;4.27.4&#8243; _dynamic_attributes=&#8221;button_url&#8221; _module_preset=&#8221;default&#8221; global_colors_info=&#8221;{}&#8221;][\/et_pb_button][\/et_pb_column][\/et_pb_row][\/et_pb_section][et_pb_section fb_built=&#8221;1&#8243; admin_label=&#8221;Services&#8221; _builder_version=&#8221;4.16&#8243; background_color=&#8221;rgba(0,0,0,0)&#8221; z_index=&#8221;10&#8243; custom_padding=&#8221;0px|||||&#8221; global_colors_info=&#8221;{}&#8221;][et_pb_row _builder_version=&#8221;4.16&#8243; background_color=&#8221;#ffffff&#8221; custom_padding=&#8221;|40px||40px|false|true&#8221; border_radii=&#8221;on|10px|10px|10px|10px&#8221; box_shadow_style=&#8221;preset1&#8243; box_shadow_color=&#8221;rgba(12,113,195,0.13)&#8221; global_colors_info=&#8221;{}&#8221;][et_pb_column type=&#8221;4_4&#8243; _builder_version=&#8221;4.16&#8243; global_colors_info=&#8221;{}&#8221;][et_pb_text _builder_version=&#8221;4.27.4&#8243; header_font=&#8221;Montserrat|700|||||||&#8221; header_2_font=&#8221;&#8211;et_global_heading_font|700|||||||&#8221; header_2_text_align=&#8221;center&#8221; header_2_font_size=&#8221;50px&#8221; header_2_line_height=&#8221;1.3em&#8221; header_3_font=&#8221;Playfair Display|700|||||||&#8221; header_3_text_align=&#8221;center&#8221; header_3_text_color=&#8221;#2a3749&#8243; header_3_font_size=&#8221;42px&#8221; header_3_line_height=&#8221;1.3em&#8221; custom_margin=&#8221;||||false|false&#8221; header_2_font_size_tablet=&#8221;32px&#8221; header_2_font_size_phone=&#8221;24px&#8221; header_2_font_size_last_edited=&#8221;on|phone&#8221; locked=&#8221;off&#8221; global_colors_info=&#8221;{}&#8221;]<\/p>\n<h2>Na\u0161i kampusi<\/h2>\n<p>[\/et_pb_text][\/et_pb_column][\/et_pb_row][et_pb_row column_structure=&#8221;1_3,1_3,1_3&#8243; _builder_version=&#8221;4.27.4&#8243; background_color=&#8221;#ffffff&#8221; custom_margin=&#8221;-15px||||false|false&#8221; custom_padding=&#8221;60px|40px|60px|40px|true|true&#8221; border_radii=&#8221;on|10px|10px|10px|10px&#8221; box_shadow_style=&#8221;preset1&#8243; box_shadow_vertical=&#8221;16px&#8221; box_shadow_color=&#8221;rgba(12,113,195,0.13)&#8221; global_colors_info=&#8221;{}&#8221;][et_pb_column type=&#8221;1_3&#8243; _builder_version=&#8221;4.16&#8243; custom_padding=&#8221;||||false|false&#8221; global_colors_info=&#8221;{}&#8221;][et_pb_blurb title=&#8221;Sarajevo&#8221; image=&#8221;https:\/\/rps.edu.ba\/wp-content\/uploads\/2025\/07\/RPS-campuses-sarajevo-wide-1024&#215;512-copy.jpg&#8221; alt=&#8221;Richmond Park Schools Sarajevo Campus Building&#8221; content_max_width=&#8221;100%&#8221; icon_alignment_tablet=&#8221;&#8221; icon_alignment_phone=&#8221;&#8221; icon_alignment_last_edited=&#8221;on|tablet&#8221; _builder_version=&#8221;4.27.4&#8243; header_font=&#8221;&#8211;et_global_heading_font|700|||||||&#8221; header_text_align=&#8221;left&#8221; header_font_size=&#8221;20px&#8221; header_line_height=&#8221;1.5em&#8221; body_font=&#8221;&#8211;et_global_body_font||||||||&#8221; body_text_align=&#8221;justify&#8221; body_text_color=&#8221;#62748a&#8221; animation=&#8221;off&#8221; global_colors_info=&#8221;{}&#8221;]<\/p>\n<p>Na\u0161 kampus u Sarajevu, smje\u0161ten u samom srcu glavnog grada, nudi moderno, multikulturalno okru\u017eenje za u\u010denje, savremene nastavne prostorije i dokazanu uspje\u0161nost u akademskim postignu\u0107ima.<\/p>\n<p>[\/et_pb_blurb][et_pb_blurb title=&#8221;Preschool (2 locations)&#8221; use_icon=&#8221;on&#8221; font_icon=&#8221;&#xf77c;||fa||900&#8243; icon_color=&#8221;#EB5E42&#8243; icon_placement=&#8221;left&#8221; image_icon_width=&#8221;21px&#8221; content_max_width=&#8221;100%&#8221; _builder_version=&#8221;4.27.4&#8243; header_font=&#8221;PT Sans|700|||||||&#8221; header_font_size=&#8221;12px&#8221; header_line_height=&#8221;1.7em&#8221; custom_margin=&#8221;||8px||false|false&#8221; animation=&#8221;off&#8221; link_option_url=&#8221;#&#8221; icon_font_size=&#8221;21px&#8221; locked=&#8221;off&#8221; global_colors_info=&#8221;{}&#8221;][\/et_pb_blurb][et_pb_blurb title=&#8221;Primary School&#8221; use_icon=&#8221;on&#8221; font_icon=&#8221;&#xf549;||fa||900&#8243; icon_color=&#8221;#0E5058&#8243; icon_placement=&#8221;left&#8221; image_icon_width=&#8221;21px&#8221; content_max_width=&#8221;100%&#8221; _builder_version=&#8221;4.27.4&#8243; header_font=&#8221;PT Sans|700|||||||&#8221; header_font_size=&#8221;12px&#8221; header_line_height=&#8221;1.7em&#8221; custom_margin=&#8221;||8px||false|false&#8221; animation=&#8221;off&#8221; link_option_url=&#8221;#&#8221; icon_font_size=&#8221;21px&#8221; locked=&#8221;off&#8221; global_colors_info=&#8221;{}&#8221;][\/et_pb_blurb][et_pb_blurb title=&#8221;Secondary School (2 schools)&#8221; use_icon=&#8221;on&#8221; font_icon=&#8221;&#xf501;||fa||900&#8243; icon_color=&#8221;#EB5E42&#8243; icon_placement=&#8221;left&#8221; image_icon_width=&#8221;21px&#8221; content_max_width=&#8221;100%&#8221; _builder_version=&#8221;4.27.4&#8243; header_font=&#8221;PT Sans|700|||||||&#8221; header_font_size=&#8221;12px&#8221; header_line_height=&#8221;1.7em&#8221; custom_margin=&#8221;||8px||false|false&#8221; animation=&#8221;off&#8221; link_option_url=&#8221;#&#8221; icon_font_size=&#8221;21px&#8221; locked=&#8221;off&#8221; global_colors_info=&#8221;{}&#8221;][\/et_pb_blurb][et_pb_button button_text=&#8221;Explore Sarajevo Campus&#8221; _builder_version=&#8221;4.27.4&#8243; hover_enabled=&#8221;0&#8243; locked=&#8221;off&#8221; global_colors_info=&#8221;{}&#8221; button_bg_enable_color__hover=&#8221;on&#8221; button_url=&#8221;sarajevo.rps.edu.ba&#8221; sticky_enabled=&#8221;0&#8243;][\/et_pb_button][\/et_pb_column][et_pb_column type=&#8221;1_3&#8243; _builder_version=&#8221;4.16&#8243; custom_padding=&#8221;||||false|false&#8221; global_colors_info=&#8221;{}&#8221;][et_pb_blurb title=&#8221;Tuzla&#8221; image=&#8221;https:\/\/rps.edu.ba\/wp-content\/uploads\/2025\/07\/RPS-campuses-tuzla-wide-1024&#215;512-copy.jpg&#8221; alt=&#8221;Richmond Park Schools Tuzla Campus Building&#8221; content_max_width=&#8221;100%&#8221; icon_alignment_tablet=&#8221;&#8221; icon_alignment_phone=&#8221;&#8221; icon_alignment_last_edited=&#8221;on|tablet&#8221; _builder_version=&#8221;4.27.4&#8243; header_font=&#8221;&#8211;et_global_heading_font|700|||||||&#8221; header_text_align=&#8221;left&#8221; header_font_size=&#8221;20px&#8221; header_line_height=&#8221;1.5em&#8221; body_font=&#8221;&#8211;et_global_body_font||||||||&#8221; body_text_align=&#8221;justify&#8221; body_text_color=&#8221;#62748a&#8221; animation=&#8221;off&#8221; global_colors_info=&#8221;{}&#8221;]<\/p>\n<p><span style=\"font-weight: 400;\">Na\u0161 kampus u Tuzli, smje\u0161ten u jednom od naj\u017eivljih univerzitetskih gradova u Bosni, spaja akademsku snagu s dinami\u010dnom i inkluzivnom atmosferom koja podsti\u010de liderstvo, kreativnost i globalnu perspektivu.<\/span><\/p>\n<p>[\/et_pb_blurb][et_pb_blurb title=&#8221;Preschool (2 locations)&#8221; use_icon=&#8221;on&#8221; font_icon=&#8221;&#xf77c;||fa||900&#8243; icon_color=&#8221;#0E5058&#8243; icon_placement=&#8221;left&#8221; image_icon_width=&#8221;21px&#8221; content_max_width=&#8221;100%&#8221; _builder_version=&#8221;4.27.4&#8243; header_font=&#8221;PT Sans|700|||||||&#8221; header_font_size=&#8221;12px&#8221; header_line_height=&#8221;1.7em&#8221; custom_margin=&#8221;||8px||false|false&#8221; animation=&#8221;off&#8221; link_option_url=&#8221;#&#8221; icon_font_size=&#8221;21px&#8221; locked=&#8221;off&#8221; global_colors_info=&#8221;{}&#8221;][\/et_pb_blurb][et_pb_blurb title=&#8221;Primary School&#8221; use_icon=&#8221;on&#8221; font_icon=&#8221;&#xf549;||fa||900&#8243; icon_color=&#8221;#EB5E42&#8243; icon_placement=&#8221;left&#8221; image_icon_width=&#8221;21px&#8221; content_max_width=&#8221;100%&#8221; _builder_version=&#8221;4.27.4&#8243; header_font=&#8221;PT Sans|700|||||||&#8221; header_font_size=&#8221;12px&#8221; header_line_height=&#8221;1.7em&#8221; custom_margin=&#8221;||8px||false|false&#8221; animation=&#8221;off&#8221; link_option_url=&#8221;#&#8221; icon_font_size=&#8221;21px&#8221; locked=&#8221;off&#8221; global_colors_info=&#8221;{}&#8221;][\/et_pb_blurb][et_pb_blurb title=&#8221;Secondary School&#8221; use_icon=&#8221;on&#8221; font_icon=&#8221;&#xf501;||fa||900&#8243; icon_color=&#8221;#0E5058&#8243; icon_placement=&#8221;left&#8221; image_icon_width=&#8221;21px&#8221; content_max_width=&#8221;100%&#8221; _builder_version=&#8221;4.27.4&#8243; header_font=&#8221;PT Sans|700|||||||&#8221; header_font_size=&#8221;12px&#8221; header_line_height=&#8221;1.7em&#8221; custom_margin=&#8221;||8px||false|false&#8221; animation=&#8221;off&#8221; link_option_url=&#8221;#&#8221; icon_font_size=&#8221;21px&#8221; locked=&#8221;off&#8221; global_colors_info=&#8221;{}&#8221;][\/et_pb_blurb][et_pb_button button_text=&#8221;Explore Tuzla Campus&#8221; _builder_version=&#8221;4.27.4&#8243; hover_enabled=&#8221;0&#8243; locked=&#8221;off&#8221; global_colors_info=&#8221;{}&#8221; button_bg_enable_color__hover=&#8221;on&#8221; button_url=&#8221;tuzla.rps.edu.ba&#8221; sticky_enabled=&#8221;0&#8243;][\/et_pb_button][\/et_pb_column][et_pb_column type=&#8221;1_3&#8243; _builder_version=&#8221;4.16&#8243; custom_padding=&#8221;||||false|false&#8221; global_colors_info=&#8221;{}&#8221;][et_pb_blurb title=&#8221;Biha\u0107&#8221; image=&#8221;https:\/\/rps.edu.ba\/wp-content\/uploads\/2025\/07\/RPS-campuses-08-wide-1024&#215;512-1.jpg&#8221; alt=&#8221;Richmond Park Schools Biha\u0107 Campus Building&#8221; content_max_width=&#8221;100%&#8221; icon_alignment_tablet=&#8221;&#8221; icon_alignment_phone=&#8221;&#8221; icon_alignment_last_edited=&#8221;on|tablet&#8221; _builder_version=&#8221;4.27.4&#8243; header_font=&#8221;&#8211;et_global_heading_font|700|||||||&#8221; header_text_align=&#8221;left&#8221; header_font_size=&#8221;20px&#8221; header_line_height=&#8221;1.5em&#8221; body_font=&#8221;&#8211;et_global_body_font||||||||&#8221; body_text_align=&#8221;justify&#8221; body_text_color=&#8221;#62748a&#8221; animation=&#8221;off&#8221; global_colors_info=&#8221;{}&#8221;]<\/p>\n<p>Na\u0161 kampus u Biha\u0107u, smje\u0161ten na sjeverozapadu Bosne i Hercegovine, pru\u017ea blisko, u\u010denicima usmjereno okru\u017eenje poznato po akademskoj izvrsnosti, sna\u017enom osje\u0107aju zajedni\u0161tva i posve\u0107enosti inovacijama.<\/p>\n<p>[\/et_pb_blurb][et_pb_blurb title=&#8221;Preschool (2 locations)&#8221; use_icon=&#8221;on&#8221; font_icon=&#8221;&#xf77c;||fa||900&#8243; icon_color=&#8221;#EB5E42&#8243; icon_placement=&#8221;left&#8221; image_icon_width=&#8221;21px&#8221; content_max_width=&#8221;100%&#8221; _builder_version=&#8221;4.27.4&#8243; header_font=&#8221;PT Sans|700|||||||&#8221; header_font_size=&#8221;12px&#8221; header_line_height=&#8221;1.7em&#8221; custom_margin=&#8221;||8px||false|false&#8221; animation=&#8221;off&#8221; link_option_url=&#8221;#&#8221; icon_font_size=&#8221;21px&#8221; locked=&#8221;off&#8221; global_colors_info=&#8221;{}&#8221;][\/et_pb_blurb][et_pb_blurb title=&#8221;Primary School&#8221; use_icon=&#8221;on&#8221; font_icon=&#8221;&#xf549;||fa||900&#8243; icon_color=&#8221;#0E5058&#8243; icon_placement=&#8221;left&#8221; image_icon_width=&#8221;21px&#8221; content_max_width=&#8221;100%&#8221; _builder_version=&#8221;4.27.4&#8243; header_font=&#8221;PT Sans|700|||||||&#8221; header_font_size=&#8221;12px&#8221; header_line_height=&#8221;1.7em&#8221; custom_margin=&#8221;||8px||false|false&#8221; animation=&#8221;off&#8221; link_option_url=&#8221;#&#8221; icon_font_size=&#8221;21px&#8221; locked=&#8221;off&#8221; global_colors_info=&#8221;{}&#8221;][\/et_pb_blurb][et_pb_blurb title=&#8221;Secondary School&#8221; use_icon=&#8221;on&#8221; font_icon=&#8221;&#xf501;||fa||900&#8243; icon_color=&#8221;#EB5E42&#8243; icon_placement=&#8221;left&#8221; image_icon_width=&#8221;21px&#8221; content_max_width=&#8221;100%&#8221; _builder_version=&#8221;4.27.4&#8243; header_font=&#8221;PT Sans|700|||||||&#8221; header_font_size=&#8221;12px&#8221; header_line_height=&#8221;1.7em&#8221; custom_margin=&#8221;||8px||false|false&#8221; animation=&#8221;off&#8221; link_option_url=&#8221;#&#8221; icon_font_size=&#8221;21px&#8221; locked=&#8221;off&#8221; global_colors_info=&#8221;{}&#8221;][\/et_pb_blurb][et_pb_button button_text=&#8221;Explore Biha\u0107 Campus&#8221; _builder_version=&#8221;4.27.4&#8243; hover_enabled=&#8221;0&#8243; locked=&#8221;off&#8221; global_colors_info=&#8221;{}&#8221; button_url=&#8221;bihac.rps.edu.ba&#8221; sticky_enabled=&#8221;0&#8243;][\/et_pb_button][\/et_pb_column][\/et_pb_row][\/et_pb_section][et_pb_section fb_built=&#8221;1&#8243; _builder_version=&#8221;4.27.4&#8243; _module_preset=&#8221;default&#8221; custom_padding=&#8221;0px||0px||false|false&#8221; global_colors_info=&#8221;{}&#8221;][et_pb_row _builder_version=&#8221;4.27.4&#8243; _module_preset=&#8221;default&#8221; global_colors_info=&#8221;{}&#8221;][et_pb_column type=&#8221;4_4&#8243; _builder_version=&#8221;4.27.4&#8243; _module_preset=&#8221;default&#8221; global_colors_info=&#8221;{}&#8221;][et_pb_text _builder_version=&#8221;4.27.4&#8243; _module_preset=&#8221;default&#8221; header_2_font=&#8221;|600|||||||&#8221; header_3_font=&#8221;&#8211;et_global_heading_font|600|||||||&#8221; header_3_text_align=&#8221;center&#8221; header_3_text_color=&#8221;#0E5058&#8243; header_3_font_size=&#8221;30px&#8221; header_3_font_size_tablet=&#8221;30px&#8221; header_3_font_size_phone=&#8221;26px&#8221; header_3_font_size_last_edited=&#8221;on|phone&#8221; global_colors_info=&#8221;{}&#8221;]<\/p>\n<h3><strong>Pogledajte \u0161ta na\u0161e kampuse \u010dini posebnim<\/strong><\/h3>\n<p>[\/et_pb_text][\/et_pb_column][\/et_pb_row][et_pb_row use_custom_gutter=&#8221;on&#8221; gutter_width=&#8221;1&#8243; make_equal=&#8221;on&#8221; _builder_version=&#8221;4.27.4&#8243; _module_preset=&#8221;default&#8221; width=&#8221;100%&#8221; max_width=&#8221;100%&#8221; custom_padding=&#8221;0px|0px|0px|0px|true|true&#8221; global_colors_info=&#8221;{}&#8221;][et_pb_column type=&#8221;4_4&#8243; _builder_version=&#8221;4.27.4&#8243; _module_preset=&#8221;default&#8221; global_colors_info=&#8221;{}&#8221;][et_pb_gallery gallery_ids=&#8221;241707,241708,241709,241710,241711,241712,241713,241714,241715,241716,241717,241718&#8243; posts_number=&#8221;12&#8243; show_title_and_caption=&#8221;off&#8221; zoom_icon_color=&#8221;#0E5058&#8243; hover_icon=&#8221;&#x54;||divi||400&#8243; _builder_version=&#8221;4.27.4&#8243; _module_preset=&#8221;default&#8221; background_color=&#8221;RGBA(255,255,255,0)&#8221; custom_padding=&#8221;0px|0px|0px|0px|false|false&#8221; global_colors_info=&#8221;{}&#8221;][\/et_pb_gallery][\/et_pb_column][\/et_pb_row][\/et_pb_section][et_pb_section fb_built=&#8221;1&#8243; prev_background_color=&#8221;#ffffff&#8221; next_background_color=&#8221;#ffffff&#8221; admin_label=&#8221;Call to Action&#8221; _builder_version=&#8221;4.27.4&#8243; _module_preset=&#8221;default&#8221; background_color=&#8221;#0E5058&#8243; background_enable_image=&#8221;off&#8221; custom_padding=&#8221;5vw||5vw||true|false&#8221; top_divider_style=&#8221;curve2&#8243; top_divider_height_tablet=&#8221;&#8221; top_divider_height_phone=&#8221;58px&#8221; top_divider_height_last_edited=&#8221;on|phone&#8221; bottom_divider_style=&#8221;curve2&#8243; bottom_divider_flip=&#8221;vertical&#8221; bottom_divider_height_tablet=&#8221;&#8221; bottom_divider_height_phone=&#8221;58px&#8221; bottom_divider_height_last_edited=&#8221;on|phone&#8221; locked=&#8221;off&#8221; collapsed=&#8221;off&#8221; global_colors_info=&#8221;{%22gcid-36fd78a7-34bc-404d-873c-dafa34efaae5%22:%91%22background_color%22%93}&#8221;][et_pb_row _builder_version=&#8221;4.24.3&#8243; _module_preset=&#8221;5138c454-be54-4233-bd3b-f8e6a8747976&#8243; locked=&#8221;off&#8221; global_colors_info=&#8221;{}&#8221;][et_pb_column type=&#8221;4_4&#8243; _builder_version=&#8221;4.18.0&#8243; _module_preset=&#8221;73121f80-a3ef-4484-8763-c3f18e3c56d2&#8243; global_colors_info=&#8221;{}&#8221;][et_pb_cta title=&#8221;Find the Right Campus for Your Family&#8221; button_url=&#8221;@ET-DC@eyJkeW5hbWljIjp0cnVlLCJjb250ZW50IjoicG9zdF9saW5rX3VybF9wYWdlIiwic2V0dGluZ3MiOnsicG9zdF9pZCI6IjYwIn19@&#8221; button_text=&#8221;Get in Touch&#8221; _builder_version=&#8221;4.27.4&#8243; _dynamic_attributes=&#8221;button_url&#8221; _module_preset=&#8221;4c2ad5d0-871e-414e-a4be-aa9134d4ae8e&#8221; header_font=&#8221;Montserrat|Montserrat_weight|||||||&#8221; header_text_color=&#8221;gcid-heading-color&#8221; header_font_size=&#8221;50px&#8221; header_line_height=&#8221;1.2em&#8221; body_font=&#8221;Lato||||||||&#8221; body_text_color=&#8221;gcid-body-color&#8221; body_line_height=&#8221;1.75em&#8221; background_color=&#8221;#FFFFFA&#8221; custom_button=&#8221;on&#8221; button_text_size=&#8221;14px&#8221; button_text_color=&#8221;#FFFFFF&#8221; button_bg_color=&#8221;#0E5058&#8243; button_border_width=&#8221;0px&#8221; button_border_radius=&#8221;100px&#8221; button_font=&#8221;&#8211;et_global_heading_font|700|||||||&#8221; button_use_icon=&#8221;off&#8221; button_alignment=&#8221;center&#8221; button_custom_padding=&#8221;12px|24px|12px|24px|true|true&#8221; background_layout=&#8221;light&#8221; custom_padding=&#8221;60px|60px|60px|60px|true|true&#8221; custom_padding_tablet=&#8221;30px|30px|30px|30px|true|true&#8221; custom_padding_phone=&#8221;20px|20px|20px|20px|true|true&#8221; custom_padding_last_edited=&#8221;on|desktop&#8221; header_font_size_tablet=&#8221;28px&#8221; header_font_size_phone=&#8221;20px&#8221; header_font_size_last_edited=&#8221;on|phone&#8221; body_font_size_tablet=&#8221;16px&#8221; body_font_size_phone=&#8221;14px&#8221; body_font_size_last_edited=&#8221;on|phone&#8221; border_radii=&#8221;on|6px|6px|6px|6px&#8221; box_shadow_style=&#8221;preset3&#8243; box_shadow_vertical=&#8221;24px&#8221; box_shadow_blur=&#8221;72px&#8221; box_shadow_spread=&#8221;-12px&#8221; box_shadow_color=&#8221;rgba(0,0,0,0.12)&#8221; locked=&#8221;off&#8221; global_colors_info=&#8221;{%22gcid-36fd78a7-34bc-404d-873c-dafa34efaae5%22:%91%22color%22,%22background_color%22%93,%22gcid-7cadd8b3-5228-48e4-90c4-212d09232f7b%22:%91%22color%22,%22color%22,%22color%22,%22color%22%93,%22gcid-f113ad93-2527-46d7-862b-fc71181c6b5e%22:%91%22border_color_all%22,%22border_color_all%22%93}&#8221; text_font_size_tablet=&#8221;16px&#8221; text_font_size_phone=&#8221;14px&#8221; text_font_size_last_edited=&#8221;on|phone&#8221;]<\/p>\n<p>Od vrti\u0107a do srednje \u0161kole, Richmond Park pru\u017ea dosljedno obrazovanje na engleskom jeziku, zasnovano na akademskoj izvrsnosti, globalnim vrijednostima i li\u010dnom razvoju. Istra\u017eite na\u0161e kampuse u Sarajevu, Tuzli i Biha\u0107u kako biste prona\u0161li najbolji izbor za va\u0161u porodicu.<\/p>\n<p>[\/et_pb_cta][\/et_pb_column][\/et_pb_row][\/et_pb_section]<\/p>","protected":false},"excerpt":{"rendered":"<p>Our CampusesLocated in the heart of Bosnia\u2019s capital, our Sarajevo campus offers a modern, multicultural learning environment with state-of-the-art facilities and a strong record of academic success.Situated in one of Bosnia\u2019s most vibrant university cities, our Tuzla campus combines academic strength with a dynamic, inclusive atmosphere that fosters leadership, creativity, and global awareness.Located in the [&hellip;]<\/p>","protected":false},"author":1,"featured_media":0,"parent":0,"menu_order":0,"comment_status":"closed","ping_status":"closed","template":"","meta":{"_et_pb_use_builder":"on","_et_pb_old_content":"","_et_gb_content_width":"","iawp_total_views":329,"footnotes":""},"class_list":["post-50","page","type-page","status-publish","hentry"],"_links":{"self":[{"href":"https:\/\/rps.edu.ba\/bs\/wp-json\/wp\/v2\/pages\/50","targetHints":{"allow":["GET"]}}],"collection":[{"href":"https:\/\/rps.edu.ba\/bs\/wp-json\/wp\/v2\/pages"}],"about":[{"href":"https:\/\/rps.edu.ba\/bs\/wp-json\/wp\/v2\/types\/page"}],"author":[{"embeddable":true,"href":"https:\/\/rps.edu.ba\/bs\/wp-json\/wp\/v2\/users\/1"}],"replies":[{"embeddable":true,"href":"https:\/\/rps.edu.ba\/bs\/wp-json\/wp\/v2\/comments?post=50"}],"version-history":[{"count":14,"href":"https:\/\/rps.edu.ba\/bs\/wp-json\/wp\/v2\/pages\/50\/revisions"}],"predecessor-version":[{"id":242293,"href":"https:\/\/rps.edu.ba\/bs\/wp-json\/wp\/v2\/pages\/50\/revisions\/242293"}],"wp:attachment":[{"href":"https:\/\/rps.edu.ba\/bs\/wp-json\/wp\/v2\/media?parent=50"}],"curies":[{"name":"wp","href":"https:\/\/api.w.org\/{rel}","templated":true}]}}