{"id":54,"date":"2025-07-08T19:08:23","date_gmt":"2025-07-08T18:08:23","guid":{"rendered":"https:\/\/rps.edu.ba\/?page_id=54"},"modified":"2025-07-11T16:13:56","modified_gmt":"2025-07-11T15:13:56","slug":"admissions","status":"publish","type":"page","link":"https:\/\/rps.edu.ba\/bs\/admissions\/","title":{"rendered":"Upis"},"content":{"rendered":"<p>[et_pb_section fb_built=&#8221;1&#8243; fullwidth=&#8221;on&#8221; _builder_version=&#8221;4.27.4&#8243; _module_preset=&#8221;default&#8221; background_color=&#8221;#FFFFFA&#8221; background_image=&#8221;https:\/\/rps.edu.ba\/wp-content\/uploads\/2025\/07\/rps_digital_poly-2-min.png&#8221; parallax=&#8221;on&#8221; bottom_divider_style=&#8221;asymmetric4&#8243; bottom_divider_color=&#8221;#0E5058&#8243; bottom_divider_style_tablet=&#8221;asymmetric4&#8243; bottom_divider_style_phone=&#8221;asymmetric4&#8243; bottom_divider_style_last_edited=&#8221;on|phone&#8221; bottom_divider_height_tablet=&#8221;&#8221; bottom_divider_height_phone=&#8221;64px&#8221; bottom_divider_height_last_edited=&#8221;on|phone&#8221; global_colors_info=&#8221;{}&#8221;][et_pb_fullwidth_header title=&#8221;@ET-DC@eyJkeW5hbWljIjp0cnVlLCJjb250ZW50IjoicG9zdF9saW5rIiwic2V0dGluZ3MiOnsiYmVmb3JlIjoiIiwiYWZ0ZXIiOiIiLCJ0ZXh0IjoicG9zdF90aXRsZSIsImN1c3RvbV90ZXh0IjoiIn19@&#8221; _builder_version=&#8221;4.27.4&#8243; _dynamic_attributes=&#8221;title&#8221; _module_preset=&#8221;default&#8221; title_font=&#8221;&#8211;et_global_heading_font|700||on|||||&#8221; title_font_size=&#8221;54px&#8221; title_font_size_tablet=&#8221;50px&#8221; title_font_size_phone=&#8221;38px&#8221; title_font_size_last_edited=&#8221;on|phone&#8221; global_colors_info=&#8221;{}&#8221;][\/et_pb_fullwidth_header][\/et_pb_section][et_pb_section fb_built=&#8221;1&#8243; _builder_version=&#8221;4.27.4&#8243; _module_preset=&#8221;default&#8221; background_image=&#8221;https:\/\/rps.edu.ba\/wp-content\/uploads\/2025\/07\/rps_digital_poly-2-min.png&#8221; parallax=&#8221;on&#8221; top_divider_style=&#8221;slant&#8221; top_divider_color=&#8221;#0E5058&#8243; top_divider_style_tablet=&#8221;slant&#8221; top_divider_style_phone=&#8221;slant&#8221; top_divider_style_last_edited=&#8221;on|tablet&#8221; top_divider_height_tablet=&#8221;69px&#8221; top_divider_height_phone=&#8221;69px&#8221; top_divider_height_last_edited=&#8221;on|phone&#8221; global_colors_info=&#8221;{}&#8221;][et_pb_row _builder_version=&#8221;4.27.4&#8243; _module_preset=&#8221;default&#8221; global_colors_info=&#8221;{}&#8221;][et_pb_column type=&#8221;4_4&#8243; _builder_version=&#8221;4.27.4&#8243; _module_preset=&#8221;default&#8221; global_colors_info=&#8221;{}&#8221;][et_pb_text _builder_version=&#8221;4.27.4&#8243; _module_preset=&#8221;default&#8221; header_2_font=&#8221;&#8211;et_global_heading_font||||||||&#8221; text_font_size_tablet=&#8221;16px&#8221; text_font_size_phone=&#8221;16px&#8221; text_font_size_last_edited=&#8221;on|phone&#8221; global_colors_info=&#8221;{}&#8221;]<\/p>\n<h2><strong>Jednostavna procedura upisa uz punu podr\u0161ku<\/strong><\/h2>\n<p>[\/et_pb_text][et_pb_text _builder_version=&#8221;4.27.4&#8243; _module_preset=&#8221;default&#8221; header_2_font=&#8221;&#8211;et_global_heading_font||||||||&#8221; text_font_size_tablet=&#8221;16px&#8221; text_font_size_phone=&#8221;16px&#8221; text_font_size_last_edited=&#8221;on|phone&#8221; global_colors_info=&#8221;{}&#8221;]<\/p>\n<p><span style=\"font-weight: 400;\">Bilo da se prijavljujete iz Bosne i Hercegovine ili inostranstva, na\u0161 upisni tim je tu da pru\u017ei podr\u0161ku va\u0161oj porodici u svakom koraku. Politike upisa mogu se blago razlikovati ovisno o kampusu, pa preporu\u010dujemo da kontaktirate \u017eeljenu \u0161kolu za potpune informacije.<\/span><\/p>\n<p>[\/et_pb_text][\/et_pb_column][\/et_pb_row][et_pb_row column_structure=&#8221;1_6,1_6,1_6,1_6,1_6,1_6&#8243; _builder_version=&#8221;4.27.4&#8243; _module_preset=&#8221;default&#8221; global_colors_info=&#8221;{}&#8221;][et_pb_column type=&#8221;1_6&#8243; _builder_version=&#8221;4.27.4&#8243; _module_preset=&#8221;default&#8221; global_colors_info=&#8221;{}&#8221;][et_pb_blurb title=&#8221;Step 1: Submit Your Inquiry&#8221; use_icon=&#8221;on&#8221; font_icon=&#8221;&#xf298;||fa||400&#8243; _builder_version=&#8221;4.27.4&#8243; _module_preset=&#8221;default&#8221; header_font=&#8221;|600|||||||&#8221; text_orientation=&#8221;center&#8221; global_colors_info=&#8221;{}&#8221;]<\/p>\n<p><span style=\"font-weight: 400;\">Po\u010dnite tako \u0161to \u0107ete ispuniti na\u0161 online formular ili kontaktirati ured za upis na \u017eeljenom kampusu.<\/span><\/p>\n<p>[\/et_pb_blurb][\/et_pb_column][et_pb_column type=&#8221;1_6&#8243; _builder_version=&#8221;4.27.4&#8243; _module_preset=&#8221;default&#8221; global_colors_info=&#8221;{}&#8221;][et_pb_blurb title=&#8221;Step 2: School Visit \/ Virtual Meeting&#8221; use_icon=&#8221;on&#8221; font_icon=&#8221;&#xe066;||fa||900&#8243; icon_color=&#8221;#EB5E42&#8243; _builder_version=&#8221;4.27.4&#8243; _module_preset=&#8221;default&#8221; header_font=&#8221;|600|||||||&#8221; text_orientation=&#8221;center&#8221; global_colors_info=&#8221;{}&#8221;]<\/p>\n<p><span style=\"font-weight: 400;\">Zaka\u017eite obilazak \u0161kole ili razgovarajte s upisnim timom kako biste saznali vi\u0161e o na\u0161im akademskim programima i zajednici.<\/span><\/p>\n<p>[\/et_pb_blurb][\/et_pb_column][et_pb_column type=&#8221;1_6&#8243; _builder_version=&#8221;4.27.4&#8243; _module_preset=&#8221;default&#8221; global_colors_info=&#8221;{}&#8221;][et_pb_blurb title=&#8221;Step 3: Complete Application Documents&#8221; use_icon=&#8221;on&#8221; font_icon=&#8221;&#x69;||divi||400&#8243; _builder_version=&#8221;4.27.4&#8243; _module_preset=&#8221;default&#8221; header_font=&#8221;|600|||||||&#8221; text_orientation=&#8221;center&#8221; global_colors_info=&#8221;{}&#8221;]<\/p>\n<p>Ispunite zvani\u010dni obrazac za prijavu i dostavite potrebne dokumente (npr. \u0161kolske svjedod\u017ebe, paso\u0161\/li\u010dnu kartu, zdravstvenu potvrdu).<\/p>\n<p>[\/et_pb_blurb][\/et_pb_column][et_pb_column type=&#8221;1_6&#8243; _builder_version=&#8221;4.27.4&#8243; _module_preset=&#8221;default&#8221; global_colors_info=&#8221;{}&#8221;][et_pb_blurb title=&#8221;Step 4: Student Assessment&#8221; use_icon=&#8221;on&#8221; font_icon=&#8221;&#xf4fc;||fa||900&#8243; icon_color=&#8221;#EB5E42&#8243; _builder_version=&#8221;4.27.4&#8243; _module_preset=&#8221;default&#8221; header_font=&#8221;|600|||||||&#8221; text_orientation=&#8221;center&#8221; global_colors_info=&#8221;{}&#8221;]<\/p>\n<p><span style=\"font-weight: 400;\">U zavisnosti od razreda, va\u0161e dijete mo\u017ee biti pozvano na prijemni ispit ili razgovor.<\/span><\/p>\n<p>[\/et_pb_blurb][\/et_pb_column][et_pb_column type=&#8221;1_6&#8243; _builder_version=&#8221;4.27.4&#8243; _module_preset=&#8221;default&#8221; global_colors_info=&#8221;{}&#8221;][et_pb_blurb title=&#8221;Step 5: Enrollment Decision&#8221; use_icon=&#8221;on&#8221; font_icon=&#8221;&#xf772;||fa||900&#8243; _builder_version=&#8221;4.27.4&#8243; _module_preset=&#8221;default&#8221; header_font=&#8221;|600|||||||&#8221; text_orientation=&#8221;center&#8221; global_colors_info=&#8221;{}&#8221;]<\/p>\n<p><span style=\"font-weight: 400;\">Dobit \u0107ete zvani\u010dnu odluku od upisnog tima, a nakon prihvatanja, potvrdite mjesto za va\u0161e dijete potpisivanjem ugovora.<\/span><\/p>\n<p>[\/et_pb_blurb][\/et_pb_column][et_pb_column type=&#8221;1_6&#8243; _builder_version=&#8221;4.27.4&#8243; _module_preset=&#8221;default&#8221; global_colors_info=&#8221;{}&#8221;][et_pb_blurb title=&#8221;Step 6: Welcome to Richmond Park!&#8221; use_icon=&#8221;on&#8221; font_icon=&#8221;&#xf52b;||fa||900&#8243; icon_color=&#8221;#EB5E42&#8243; _builder_version=&#8221;4.27.4&#8243; _module_preset=&#8221;default&#8221; header_font=&#8221;|600|||||||&#8221; text_orientation=&#8221;center&#8221; global_colors_info=&#8221;{}&#8221;]<\/p>\n<p><span style=\"font-weight: 400;\">Zapo\u010dnite svoje obrazovno putovanje s nama!<\/span><\/p>\n<p>[\/et_pb_blurb][\/et_pb_column][\/et_pb_row][et_pb_row _builder_version=&#8221;4.27.4&#8243; _module_preset=&#8221;default&#8221; custom_margin=&#8221;0vw||0vw||true|false&#8221; custom_padding=&#8221;0vw||0vw||true|false&#8221; global_colors_info=&#8221;{}&#8221;][et_pb_column type=&#8221;4_4&#8243; _builder_version=&#8221;4.27.4&#8243; _module_preset=&#8221;default&#8221; global_colors_info=&#8221;{}&#8221;][et_pb_button button_url=&#8221;@ET-DC@eyJkeW5hbWljIjp0cnVlLCJjb250ZW50IjoicG9zdF9saW5rX3VybF9wYWdlIiwic2V0dGluZ3MiOnsicG9zdF9pZCI6IjYwIn19@&#8221; button_text=&#8221;Contact Admissions&#8221; _builder_version=&#8221;4.27.4&#8243; _dynamic_attributes=&#8221;button_url&#8221; _module_preset=&#8221;default&#8221; global_colors_info=&#8221;{}&#8221;][\/et_pb_button][\/et_pb_column][\/et_pb_row][\/et_pb_section][et_pb_section fb_built=&#8221;1&#8243; _builder_version=&#8221;4.27.4&#8243; _module_preset=&#8221;default&#8221; top_divider_style=&#8221;asymmetric&#8221; top_divider_color=&#8221;#EB5E42&#8243; top_divider_style_tablet=&#8221;asymmetric&#8221; top_divider_style_phone=&#8221;asymmetric&#8221; top_divider_style_last_edited=&#8221;on|phone&#8221; top_divider_height_tablet=&#8221;82px&#8221; top_divider_height_phone=&#8221;74px&#8221; top_divider_height_last_edited=&#8221;on|desktop&#8221; bottom_divider_style=&#8221;arrow2&#8243; bottom_divider_color=&#8221;#0E5058&#8243; global_colors_info=&#8221;{}&#8221;][et_pb_row _builder_version=&#8221;4.27.4&#8243; _module_preset=&#8221;default&#8221; global_colors_info=&#8221;{}&#8221;][et_pb_column type=&#8221;4_4&#8243; _builder_version=&#8221;4.27.4&#8243; _module_preset=&#8221;default&#8221; global_colors_info=&#8221;{}&#8221;][et_pb_text _builder_version=&#8221;4.27.4&#8243; _module_preset=&#8221;default&#8221; global_colors_info=&#8221;{}&#8221;]<\/p>\n<h2><strong>Ulaganje u izvrsnost<\/strong><\/h2>\n<p>[\/et_pb_text][\/et_pb_column][\/et_pb_row][et_pb_row custom_padding_last_edited=&#8221;on|phone&#8221; _builder_version=&#8221;4.27.4&#8243; _module_preset=&#8221;default&#8221; background_color=&#8221;#0E5058&#8243; background_enable_image=&#8221;off&#8221; background_blend=&#8221;overlay&#8221; custom_padding=&#8221;3vw|5vw|3vw|5vw|true|true&#8221; custom_padding_tablet=&#8221;5vw|7vw|5vw|7vw|true|true&#8221; custom_padding_phone=&#8221;7vw|9vw|7vw|9vw|true|true&#8221; global_colors_info=&#8221;{}&#8221;][et_pb_column type=&#8221;4_4&#8243; _builder_version=&#8221;4.27.4&#8243; _module_preset=&#8221;default&#8221; global_colors_info=&#8221;{}&#8221;][et_pb_text _builder_version=&#8221;4.27.4&#8243; _module_preset=&#8221;default&#8221; background_layout=&#8221;dark&#8221; global_colors_info=&#8221;{}&#8221;]<\/p>\n<h4 style=\"text-align: justify;\"><span style=\"font-weight: 400;\">Richmond Park Schools pru\u017eaju vrhunsko me\u0111unarodno obrazovno iskustvo s \u0161kolarinom prilago\u0111enom svakom programu i gradu. Iako \u0161kolarina varira ovisno o lokaciji i nivou obrazovanja, svaki u\u010denik ima pristup najkvalitetnijim sadr\u017eajima, dvojezi\u010dnom nastavnom planu i programu (Cambridge + common core za Bosnu i Hercegovinu), me\u0111unarodnom priznanju te podr\u017eavaju\u0107oj i uklju\u010divoj atmosferi.<\/span><\/h4>\n<p>[\/et_pb_text][\/et_pb_column][\/et_pb_row][et_pb_row custom_padding_last_edited=&#8221;on|phone&#8221; _builder_version=&#8221;4.27.4&#8243; _module_preset=&#8221;default&#8221; background_color=&#8221;#EB5E42&#8243; background_enable_image=&#8221;off&#8221; background_position=&#8221;center_right&#8221; background_blend=&#8221;multiply&#8221; custom_padding=&#8221;3vw|5vw|3vw|5vw|true|true&#8221; custom_padding_tablet=&#8221;5vw|7vw|5vw|7vw|true|true&#8221; custom_padding_phone=&#8221;7vw|9vw|7vw|9vw|true|true&#8221; global_colors_info=&#8221;{}&#8221;][et_pb_column type=&#8221;4_4&#8243; _builder_version=&#8221;4.27.4&#8243; _module_preset=&#8221;default&#8221; global_colors_info=&#8221;{}&#8221;][et_pb_text _builder_version=&#8221;4.27.4&#8243; _module_preset=&#8221;default&#8221; background_layout=&#8221;dark&#8221; global_colors_info=&#8221;{}&#8221;]<\/p>\n<h4 style=\"text-align: justify;\" class=\"translation-block\"><span style=\"font-weight: 400\">Kako bismo podr\u017eali porodice, s ponosom nudimo <\/span><b>stipendije zasnovane na zaslugama<\/b><span style=\"font-weight: 400\">, <\/span><b>popuste za bra\u0107u i sestre<\/b><span style=\"font-weight: 400\">, te <\/span><b>fleksibilne planove pla\u0107anja<\/b><span style=\"font-weight: 400\">. Vjerujemo u nagra\u0111ivanje potencijala i olak\u0161avanje pristupa kvalitetnom obrazovanju.<\/span><\/h4>\n<p>[\/et_pb_text][\/et_pb_column][\/et_pb_row][et_pb_row _builder_version=&#8221;4.27.4&#8243; _module_preset=&#8221;default&#8221; global_colors_info=&#8221;{}&#8221;][et_pb_column type=&#8221;4_4&#8243; _builder_version=&#8221;4.27.4&#8243; _module_preset=&#8221;default&#8221; global_colors_info=&#8221;{}&#8221;][et_pb_text _builder_version=&#8221;4.27.4&#8243; _module_preset=&#8221;default&#8221; global_colors_info=&#8221;{}&#8221;]<\/p>\n<h5 data-start=\"347\" data-end=\"412\" style=\"text-align: left;\"><i><span style=\"font-weight: 400;\">Napomena: Detalji o \u0161kolarini se dostavljaju direktno od svakog kampusa, jer se naknade razlikuju u zavisnosti od programa i lokacije (pred\u0161kolski, osnovni ili srednji nivo).<\/span><\/i><\/h5>\n<h5 style=\"text-align: left;\" class=\"translation-block\"><span style=\"font-weight: 400\"><strong>Sljede\u0107i koraci:<\/strong><br><\/span>\n<span style=\"font-weight: 400\">Kliknite na linkove ispod kako biste kontaktirali \u017eeljenu \u0161kolu i dobili detaljne informacije o \u0161kolarini:<\/span><i><span style=\"font-weight: 400\"><br><\/span><\/i><\/h5>\n<p>[\/et_pb_text][\/et_pb_column][\/et_pb_row][et_pb_row column_structure=&#8221;1_3,1_3,1_3&#8243; _builder_version=&#8221;4.27.4&#8243; _module_preset=&#8221;default&#8221; global_colors_info=&#8221;{}&#8221;][et_pb_column type=&#8221;1_3&#8243; _builder_version=&#8221;4.27.4&#8243; _module_preset=&#8221;default&#8221; global_colors_info=&#8221;{}&#8221;][et_pb_cta title=&#8221;Sarajevo Campus&#8221; button_url=&#8221;@ET-DC@eyJkeW5hbWljIjp0cnVlLCJjb250ZW50IjoicG9zdF9saW5rX3VybF9wYWdlIiwic2V0dGluZ3MiOnsicG9zdF9pZCI6IjYwIn19@&#8221; button_text=&#8221;Request Tuition Info&#8221; _builder_version=&#8221;4.27.4&#8243; _dynamic_attributes=&#8221;button_url&#8221; _module_preset=&#8221;default&#8221; header_font=&#8221;|600|||||||&#8221; custom_button=&#8221;on&#8221; button_text_color=&#8221;#FFFFFF&#8221; button_bg_color=&#8221;#EB5E42&#8243; button_border_color=&#8221;RGBA(255,255,255,0)&#8221; button_border_radius=&#8221;12px&#8221; button_use_icon=&#8221;off&#8221; button_alignment=&#8221;center&#8221; border_radii=&#8221;on|18px|18px|18px|18px&#8221; box_shadow_style=&#8221;preset1&#8243; global_colors_info=&#8221;{}&#8221; button_bg_color__hover_enabled=&#8221;on|hover&#8221; button_bg_color__hover=&#8221;#FFFFFF&#8221; button_bg_enable_color__hover=&#8221;on&#8221; button_text_color__hover_enabled=&#8221;on|hover&#8221; button_text_color__hover=&#8221;#EB5E42&#8243;][\/et_pb_cta][\/et_pb_column][et_pb_column type=&#8221;1_3&#8243; _builder_version=&#8221;4.27.4&#8243; _module_preset=&#8221;default&#8221; global_colors_info=&#8221;{}&#8221;][et_pb_cta title=&#8221;Tuzla Campus&#8221; button_url=&#8221;@ET-DC@eyJkeW5hbWljIjp0cnVlLCJjb250ZW50IjoicG9zdF9saW5rX3VybF9wYWdlIiwic2V0dGluZ3MiOnsicG9zdF9pZCI6IjYwIn19@&#8221; button_text=&#8221;Request Tuition Info&#8221; _builder_version=&#8221;4.27.4&#8243; _dynamic_attributes=&#8221;button_url&#8221; _module_preset=&#8221;default&#8221; header_font=&#8221;|600|||||||&#8221; custom_button=&#8221;on&#8221; button_text_color=&#8221;#FFFFFF&#8221; button_bg_color=&#8221;#EB5E42&#8243; button_border_color=&#8221;RGBA(255,255,255,0)&#8221; button_border_radius=&#8221;12px&#8221; button_use_icon=&#8221;off&#8221; button_alignment=&#8221;center&#8221; border_radii=&#8221;on|18px|18px|18px|18px&#8221; box_shadow_style=&#8221;preset1&#8243; global_colors_info=&#8221;{}&#8221; button_bg_color__hover_enabled=&#8221;on|hover&#8221; button_bg_color__hover=&#8221;#FFFFFF&#8221; button_bg_enable_color__hover=&#8221;on&#8221; button_text_color__hover_enabled=&#8221;on|hover&#8221; button_text_color__hover=&#8221;#EB5E42&#8243;][\/et_pb_cta][\/et_pb_column][et_pb_column type=&#8221;1_3&#8243; _builder_version=&#8221;4.27.4&#8243; _module_preset=&#8221;default&#8221; global_colors_info=&#8221;{}&#8221;][et_pb_cta title=&#8221;Biha\u0107 Campus&#8221; button_url=&#8221;@ET-DC@eyJkeW5hbWljIjp0cnVlLCJjb250ZW50IjoicG9zdF9saW5rX3VybF9wYWdlIiwic2V0dGluZ3MiOnsicG9zdF9pZCI6IjYwIn19@&#8221; button_text=&#8221;Request Tuition Info&#8221; _builder_version=&#8221;4.27.4&#8243; _dynamic_attributes=&#8221;button_url&#8221; _module_preset=&#8221;default&#8221; header_font=&#8221;|600|||||||&#8221; custom_button=&#8221;on&#8221; button_text_color=&#8221;#FFFFFF&#8221; button_bg_color=&#8221;#EB5E42&#8243; button_border_color=&#8221;RGBA(255,255,255,0)&#8221; button_border_radius=&#8221;12px&#8221; button_use_icon=&#8221;off&#8221; button_alignment=&#8221;center&#8221; border_radii=&#8221;on|18px|18px|18px|18px&#8221; box_shadow_style=&#8221;preset1&#8243; global_colors_info=&#8221;{}&#8221; button_bg_color__hover_enabled=&#8221;on|hover&#8221; button_bg_color__hover=&#8221;#FFFFFF&#8221; button_bg_enable_color__hover=&#8221;on&#8221; button_text_color__hover_enabled=&#8221;on|hover&#8221; button_text_color__hover=&#8221;#EB5E42&#8243;][\/et_pb_cta][\/et_pb_column][\/et_pb_row][\/et_pb_section][et_pb_section fb_built=&#8221;1&#8243; fullwidth=&#8221;on&#8221; custom_padding_last_edited=&#8221;on|tablet&#8221; _builder_version=&#8221;4.27.4&#8243; _module_preset=&#8221;default&#8221; custom_padding=&#8221;2vw||||false|false&#8221; custom_padding_tablet=&#8221;10vw||||false|false&#8221; custom_padding_phone=&#8221;12vw||2vw||false|false&#8221; top_divider_style=&#8221;asymmetric2&#8243; top_divider_color=&#8221;#0E5058&#8243; global_colors_info=&#8221;{}&#8221;][et_pb_fullwidth_header title=&#8221;Scholarships for First-Year High School Students&#8221; text_orientation=&#8221;center&#8221; button_one_text=&#8221;Register for Entrance Exam&#8221; button_one_url=&#8221;https:\/\/uci.ba\/&#8221; button_two_url=&#8221;@ET-DC@eyJkeW5hbWljIjp0cnVlLCJjb250ZW50IjoicG9zdF9saW5rX3VybF9wYWdlIiwic2V0dGluZ3MiOnsicG9zdF9pZCI6IjUyIn19@&#8221; _builder_version=&#8221;4.27.4&#8243; _dynamic_attributes=&#8221;button_two_url&#8221; _module_preset=&#8221;default&#8221; title_font=&#8221;&#8211;et_global_heading_font|700|||||||&#8221; title_text_align=&#8221;left&#8221; content_text_align=&#8221;justify&#8221; subhead_font=&#8221;|600|||||||&#8221; subhead_text_align=&#8221;justify&#8221; subhead_font_size=&#8221;19px&#8221; background_color=&#8221;RGBA(255,255,255,0)&#8221; background_enable_image=&#8221;off&#8221; background_blend=&#8221;overlay&#8221; custom_button_one=&#8221;on&#8221; button_one_icon=&#8221;&#x22;||divi||400&#8243; background_layout=&#8221;light&#8221; content_font_size_tablet=&#8221;&#8221; content_font_size_phone=&#8221;&#8221; content_font_size_last_edited=&#8221;on|desktop&#8221; subhead_font_size_tablet=&#8221;16px&#8221; subhead_font_size_phone=&#8221;&#8221; subhead_font_size_last_edited=&#8221;on|phone&#8221; global_colors_info=&#8221;{}&#8221;]<\/p>\n<p class=\"translation-block\"><span style=\"font-weight: 400\">Svake godine, Richmond Park Education dodjeljuje ograni\u010den broj <\/span><b>stipendija zasnovanih na zaslugama<\/b><span style=\"font-weight: 400\"> izuzetnim u\u010denicima koji se upisuju u <\/span><b>prvi razred srednje \u0161kole<\/b><span style=\"font-weight: 400\">.<\/span><\/p>\n<p class=\"translation-block\"><span style=\"font-weight: 400\">Stipendije se dodjeljuju putem <\/span><b>kompetitivnog selekcijskog procesa<\/b><span style=\"font-weight: 400\"> koji zapo\u010dinje <\/span><b>prijemnim ispitom<\/b><span style=\"font-weight: 400\"> usmjerenim na akademsko znanje i kriti\u010dko razmi\u0161ljanje.<\/span><\/p>\n<p class=\"translation-block\"><span>Uspje\u0161ni kandidati pozivaju se na <\/span><b>li\u010dni razgovor<\/b><span>, gdje imaju priliku predstaviti dodatna postignu\u0107a poput nagrada, sportskih uspjeha, liderskih uloga ili zna\u010dajnih akademskih rezultata iz osnovne \u0161kole.<\/span><\/p>\n<p class=\"translation-block\"><span style=\"font-weight: 400\">Najbolji u\u010denici mogu dobiti <\/span><b>djelimi\u010dne ili pune stipendije<\/b><span style=\"font-weight: 400\"> koje pokrivaju \u0161kolarinu i otvaraju vrata vrhunskom, me\u0111unarodno priznanom obrazovanju.<\/span><\/p>\n<p><i><span style=\"font-weight: 400;\">Broj mjesta je ograni\u010den. Prijavite se na vrijeme i osigurajte svoju priliku za uspjeh.<\/span><\/i><\/p>\n<p>[\/et_pb_fullwidth_header][\/et_pb_section][et_pb_section fb_built=&#8221;1&#8243; admin_label=&#8221;Call to Action&#8221; _builder_version=&#8221;4.27.4&#8243; _module_preset=&#8221;default&#8221; background_color=&#8221;#0E5058&#8243; top_divider_style=&#8221;ramp2&#8243; top_divider_color=&#8221;#FFFFFF&#8221; top_divider_height=&#8221;140px&#8221; top_divider_repeat=&#8221;1x&#8221; top_divider_height_tablet=&#8221;140px&#8221; top_divider_height_phone=&#8221;54px&#8221; top_divider_height_last_edited=&#8221;on|desktop&#8221; collapsed=&#8221;off&#8221; global_colors_info=&#8221;{}&#8221;][et_pb_row _builder_version=&#8221;4.27.4&#8243; _module_preset=&#8221;default&#8221; use_background_color_gradient=&#8221;on&#8221; background_color_gradient_stops=&#8221;rgba(14,14,14,0.85) 0%|rgba(14,14,14,0.2) 100%&#8221; background_color_gradient_overlays_image=&#8221;on&#8221; background_image=&#8221;https:\/\/rps.edu.ba\/wp-content\/uploads\/2025\/07\/494704438_1197513362384930_2582530346594424795_n.jpg&#8221; max_width=&#8221;1280px&#8221; custom_padding=&#8221;8vw|3px|8vw|3px|true|true&#8221; border_radii=&#8221;on|3vw|3vw|3vw|3vw&#8221; global_colors_info=&#8221;{}&#8221; custom_margin__hover_enabled=&#8221;off|desktop&#8221;][et_pb_column type=&#8221;4_4&#8243; _builder_version=&#8221;4.27.4&#8243; _module_preset=&#8221;default&#8221; global_colors_info=&#8221;{}&#8221;][et_pb_text _builder_version=&#8221;4.27.4&#8243; _module_preset=&#8221;_initial&#8221; header_font=&#8221;&#8211;et_global_heading_font|800|||||||&#8221; header_text_color=&#8221;#FFFFFF&#8221; header_2_font=&#8221;Figtree|700|||||||&#8221; header_2_text_color=&#8221;#FFFFFF&#8221; header_2_line_height=&#8221;1.2em&#8221; text_orientation=&#8221;center&#8221; header_2_font_size_tablet=&#8221;40px&#8221; header_2_font_size_phone=&#8221;24px&#8221; header_2_font_size_last_edited=&#8221;off|desktop&#8221; global_colors_info=&#8221;{}&#8221;]<\/p>\n<h2>Jo\u0161 imate pitanja? Tu smo da pomognemo.<\/h2>\n<p>[\/et_pb_text][et_pb_text _builder_version=&#8221;4.27.4&#8243; _module_preset=&#8221;_initial&#8221; header_2_font=&#8221;Figtree|700|||||||&#8221; header_2_text_color=&#8221;#FFFFFF&#8221; header_2_font_size=&#8221;100px&#8221; header_2_line_height=&#8221;1.2em&#8221; header_4_text_color=&#8221;#FFFFFF&#8221; header_5_text_color=&#8221;#FFFFFF&#8221; text_orientation=&#8221;center&#8221; custom_padding=&#8221;|10vw||10vw|false|true&#8221; custom_padding_tablet=&#8221;|3vw||3vw|false|true&#8221; custom_padding_phone=&#8221;|1vw||1vw|false|true&#8221; custom_padding_last_edited=&#8221;on|tablet&#8221; header_2_font_size_tablet=&#8221;40px&#8221; header_2_font_size_phone=&#8221;24px&#8221; header_2_font_size_last_edited=&#8221;on|desktop&#8221; header_4_font_size_tablet=&#8221;21px&#8221; header_4_font_size_phone=&#8221;21px&#8221; header_4_font_size_last_edited=&#8221;on|phone&#8221; global_colors_info=&#8221;{}&#8221;]<\/p>\n<h4><span style=\"font-weight: 400;\">Na\u0161 tim za upis dostupan je tokom cijele godine da podr\u017ei va\u0161u prijavu i vodi vas kroz proces. Nijedno pitanje nije premalo \u2013 kontaktirajte nas ve\u0107 danas!<\/span><\/h4>\n<p>[\/et_pb_text][et_pb_button button_url=&#8221;@ET-DC@eyJkeW5hbWljIjp0cnVlLCJjb250ZW50IjoicG9zdF9saW5rX3VybF9wYWdlIiwic2V0dGluZ3MiOnsicG9zdF9pZCI6IjYwIn19@&#8221; button_text=&#8221;Contact Admissions&#8221; _builder_version=&#8221;4.27.4&#8243; _dynamic_attributes=&#8221;button_url&#8221; _module_preset=&#8221;default&#8221; button_bg_color=&#8221;#EB5E42&#8243; global_colors_info=&#8221;{}&#8221; button_bg_color__hover=&#8221;#0E5058&#8243; button_bg_enable_color__hover=&#8221;on&#8221;][\/et_pb_button][\/et_pb_column][\/et_pb_row][\/et_pb_section]<\/p>","protected":false},"excerpt":{"rendered":"<p>A Simple, Supportive Admissions ProcessWhether you\u2019re applying from within Bosnia and Herzegovina or internationally, our admissions team is here to support your family at every step. Admissions policies may vary slightly by campus, so we recommend contacting your preferred school for full details.Start by filling out our online inquiry form or contacting the admissions office [&hellip;]<\/p>","protected":false},"author":1,"featured_media":0,"parent":0,"menu_order":0,"comment_status":"closed","ping_status":"closed","template":"","meta":{"_et_pb_use_builder":"on","_et_pb_old_content":"","_et_gb_content_width":"","iawp_total_views":195,"footnotes":""},"class_list":["post-54","page","type-page","status-publish","hentry"],"_links":{"self":[{"href":"https:\/\/rps.edu.ba\/bs\/wp-json\/wp\/v2\/pages\/54","targetHints":{"allow":["GET"]}}],"collection":[{"href":"https:\/\/rps.edu.ba\/bs\/wp-json\/wp\/v2\/pages"}],"about":[{"href":"https:\/\/rps.edu.ba\/bs\/wp-json\/wp\/v2\/types\/page"}],"author":[{"embeddable":true,"href":"https:\/\/rps.edu.ba\/bs\/wp-json\/wp\/v2\/users\/1"}],"replies":[{"embeddable":true,"href":"https:\/\/rps.edu.ba\/bs\/wp-json\/wp\/v2\/comments?post=54"}],"version-history":[{"count":9,"href":"https:\/\/rps.edu.ba\/bs\/wp-json\/wp\/v2\/pages\/54\/revisions"}],"predecessor-version":[{"id":241741,"href":"https:\/\/rps.edu.ba\/bs\/wp-json\/wp\/v2\/pages\/54\/revisions\/241741"}],"wp:attachment":[{"href":"https:\/\/rps.edu.ba\/bs\/wp-json\/wp\/v2\/media?parent=54"}],"curies":[{"name":"wp","href":"https:\/\/api.w.org\/{rel}","templated":true}]}}